{"id":11748,"date":"2023-01-06T15:15:18","date_gmt":"2023-01-06T15:15:19","guid":{"rendered":"https:\/\/essaboner.com\/?post_type=product&#038;p=11748"},"modified":"2023-01-06T16:05:16","modified_gmt":"2023-01-06T16:05:16","slug":"savon-naturel-et-artisanal-a-lhuile-dolive-et-orange-fait-a-majorque-copia","status":"publish","type":"product","link":"https:\/\/essaboner.com\/fr\/produit\/savon-naturel-et-artisanal-a-lhuile-dolive-et-orange-fait-a-majorque-copia\/","title":{"rendered":"Savon naturel et artisanal \u00e0 l&rsquo;huile d&rsquo;olive et orange fait \u00e0 Majorque"},"content":{"rendered":"\t\t<div data-elementor-type=\"wp-post\" data-elementor-id=\"11748\" class=\"elementor elementor-11748 elementor-11744\" data-elementor-settings=\"[]\">\n\t\t\t\t\t\t<div class=\"elementor-inner\">\n\t\t\t\t\t\t\t<div class=\"elementor-section-wrap\">\n\t\t\t\t\t\t\t<section class=\"elementor-section elementor-top-section elementor-element elementor-element-1de2620 elementor-section-content-top elementor-section-boxed elementor-section-height-default elementor-section-height-default wd-section-disabled\" data-id=\"1de2620\" data-element_type=\"section\">\n\t\t\t\t\t\t<div class=\"elementor-container elementor-column-gap-default\">\n\t\t\t\t\t\t\t<div class=\"elementor-row\">\n\t\t\t\t\t<div class=\"elementor-column elementor-col-100 elementor-top-column elementor-element elementor-element-9ac83f1\" data-id=\"9ac83f1\" data-element_type=\"column\">\n\t\t\t<div class=\"elementor-column-wrap elementor-element-populated\">\n\t\t\t\t\t\t\t<div class=\"elementor-widget-wrap\">\n\t\t\t\t\t\t<div class=\"elementor-element elementor-element-a0531c4 elementor-widget elementor-widget-eael-adv-tabs\" data-id=\"a0531c4\" data-element_type=\"widget\" data-widget_type=\"eael-adv-tabs.default\">\n\t\t\t\t<div class=\"elementor-widget-container\">\n\t\t\t        <div id=\"eael-advance-tabs-a0531c4\" class=\"eael-advance-tabs eael-tabs-horizontal\" data-tabid=\"a0531c4\">\n            <div class=\"eael-tabs-nav\">\n                <ul class=\"\">\n                                            <li id=\"plus-dinformations\" class=\"inactive\">\n                            \n                            \n                            \n                                                            <span class=\"eael-tab-title title-after-icon\">Plus d'informations<\/span>\n                                                    <\/li>\n                                            <li id=\"prcautions-demploi-et-conseils-dutilisation\" class=\"inactive\">\n                            \n                            \n                            \n                                                            <span class=\"eael-tab-title title-after-icon\">Pr\u00e9cautions d'emploi et conseils d\u2019utilisation<\/span>\n                                                    <\/li>\n                                            <li id=\"composition\" class=\"inactive\">\n                            \n                            \n                            \n                                                            <span class=\"eael-tab-title title-after-icon\">Composition<\/span>\n                                                    <\/li>\n                                            <li id=\"ingrdients-inci\" class=\"inactive\">\n                            \n                            \n                            \n                                                            <span class=\"eael-tab-title title-after-icon\">Ingr\u00e9dients INCI<\/span>\n                                                    <\/li>\n                                    <\/ul>\n            <\/div>\n            <div class=\"eael-tabs-content\">\n\t\t        \n                    <div id=\"plus-dinformations-tab\" class=\"clearfix eael-tab-content-item inactive\" data-title-link=\"plus-dinformations\">\n\t\t\t\t        \t\t\t\t\t        <p>Fabrication enti\u00e8rement artisanale, \u00e0 S\u00f3ller (Majorque) par saponification \u00e0 froid.<\/p><p>100% naturel et 100% v\u00e9g\u00e9tal.<\/p><p>Certification NATURAL (NAT) et VEGAN d\u00e9livr\u00e9es par ACENE.<\/p><p>Certification SLOW COSMETIQUE\u00ae.<\/p><p>Sans paraben ni EDTA, sans colorant artificiel, sans conservateur, sans agent moussant, sans parfum synth\u00e9tique, sans huile de palme, sans sulfate.<\/p>\t\t\t\t                            <\/div>\n\t\t        \n                    <div id=\"prcautions-demploi-et-conseils-dutilisation-tab\" class=\"clearfix eael-tab-content-item inactive\" data-title-link=\"prcautions-demploi-et-conseils-dutilisation\">\n\t\t\t\t        \t\t\t\t\t        <div class=\"rte\"><p>Contient des huiles essentielles - D\u00e9conseill\u00e9 aux enfants de moins de 3 ans et aux femmes enceintes ou allaitantes. Dans ce cas pr\u00e9f\u00e9rez plut\u00f4t un produit sans parfum comme notre\u00a0savon pur olive ou savon olive\/amande.<\/p><p>Conserver dans un lieu sec et frais.<\/p><p>Apr\u00e8s utilisation, d\u00e9poser le savon sur sa tranche, pour favoriser ainsi le s\u00e9chage.<\/p><\/div>\t\t\t\t                            <\/div>\n\t\t        \n                    <div id=\"composition-tab\" class=\"clearfix eael-tab-content-item inactive\" data-title-link=\"composition\">\n\t\t\t\t        \t\t\t\t\t        <p>Huile d'olive saponifi\u00e9e, beurre de karit\u00e9 saponifi\u00e9, huile de coco saponifi\u00e9e, eau, glyc\u00e9rine, argile orange, hydrolat bio d'orange, huile d'olive vierge, beurre de karit\u00e9 bio, huile de coco bio, huile essentielle d'orange douce bio, huile essentielle de lemongrass bio , huile essentielle de petit grain bigaradier bio, citral*, geraniol, limonene*, linalool* (*substances naturellement pr\u00e9sentes dans l'huile essentielle).<\/p>\t\t\t\t                            <\/div>\n\t\t        \n                    <div id=\"ingrdients-inci-tab\" class=\"clearfix eael-tab-content-item inactive\" data-title-link=\"ingrdients-inci\">\n\t\t\t\t        \t\t\t\t\t        <p>Sodium Olivate, Sodium Shea Butterate, Sodium Cocoate, Aqua, Glycerin, Illite, Citrus Sinensis Fruit Water, Olea Europaea Fruit Oil, Butyrospermum Parkii Butter, Cocos Nucifera Oil, Citrus Sinensis Peel<br \/>Oil Expressed, Cymbopogon Citratus Leaf Oil, Citrus Aurantium Leaf Oil, Citral, Geraniol, Limonene, Linalool.<\/p>\t\t\t\t                            <\/div>\n\t\t                    <\/div>\n        <\/div>\n\t\t<\/div>\n\t\t\t\t<\/div>\n\t\t\t\t\t\t<\/div>\n\t\t\t\t\t<\/div>\n\t\t<\/div>\n\t\t\t\t\t\t\t\t<\/div>\n\t\t\t\t\t<\/div>\n\t\t<\/section>\n\t\t\t\t\t\t<\/div>\n\t\t\t\t\t\t<\/div>\n\t\t\t\t\t<\/div>\n\t\t","protected":false},"excerpt":{"rendered":"<p>Savon 100% naturel tr\u00e8s doux, pour le corps et le visage, \u00e0 l\u2019huile d\u2019olive vierge produite \u00e0 S\u00f3ller, parfum\u00e9 \u00e0 l\u2019huile essentielle bio d&rsquo;orange .<\/p>\n<p>Fait \u00e0 S\u00f3ller par Joaquin, artisan savonnier, selon la m\u00e9thode de la<br \/>\nsaponification \u00e0 froid.<\/p>\n<p>90 g.<\/p>\n","protected":false},"featured_media":11604,"template":"","meta":[],"product_cat":[89],"product_tag":[],"yoast_head":"<!-- This site is optimized with the Yoast SEO plugin v17.4 - https:\/\/yoast.com\/wordpress\/plugins\/seo\/ -->\n<title>% - Es Saboner Es Saboner<\/title>\n<meta name=\"description\" content=\"Savon 100% naturel y artisanal fait \u00e0 Majorque. A l\u2019huile d\u2019olive vierge produite \u00e0 S\u00f3ller et \u00e0 l\u2019huile essentielle bio d&#039;orange .\" \/>\n<meta name=\"robots\" content=\"index, follow, max-snippet:-1, max-image-preview:large, max-video-preview:-1\" \/>\n<link rel=\"canonical\" href=\"https:\/\/essaboner.com\/fr\/produit\/savon-naturel-et-artisanal-a-lhuile-dolive-et-orange-fait-a-majorque-copia\/\" \/>\n<meta property=\"og:locale\" content=\"fr_FR\" \/>\n<meta property=\"og:type\" content=\"article\" \/>\n<meta property=\"og:title\" content=\"% - Es Saboner Es Saboner\" \/>\n<meta property=\"og:description\" content=\"Savon 100% naturel y artisanal fait \u00e0 Majorque. A l\u2019huile d\u2019olive vierge produite \u00e0 S\u00f3ller et \u00e0 l\u2019huile essentielle bio d&#039;orange .\" \/>\n<meta property=\"og:url\" content=\"https:\/\/essaboner.com\/fr\/produit\/savon-naturel-et-artisanal-a-lhuile-dolive-et-orange-fait-a-majorque-copia\/\" \/>\n<meta property=\"og:site_name\" content=\"Es Saboner\" \/>\n<meta property=\"article:modified_time\" content=\"2023-01-06T16:05:16+00:00\" \/>\n<meta property=\"og:image\" content=\"https:\/\/essaboner.com\/wp-content\/uploads\/2022\/12\/DSC01210.jpg\" \/>\n\t<meta property=\"og:image:width\" content=\"1400\" \/>\n\t<meta property=\"og:image:height\" content=\"934\" \/>\n<meta name=\"twitter:card\" content=\"summary_large_image\" \/>\n<meta name=\"twitter:label1\" content=\"Dur\u00e9e de lecture est.\" \/>\n\t<meta name=\"twitter:data1\" content=\"1 minute\" \/>\n<script type=\"application\/ld+json\" class=\"yoast-schema-graph\">{\"@context\":\"https:\/\/schema.org\",\"@graph\":[{\"@type\":\"WebSite\",\"@id\":\"https:\/\/essaboner.com\/#website\",\"url\":\"https:\/\/essaboner.com\/\",\"name\":\"Es Saboner\",\"description\":\"Productos de limpieza naturales\",\"potentialAction\":[{\"@type\":\"SearchAction\",\"target\":{\"@type\":\"EntryPoint\",\"urlTemplate\":\"https:\/\/essaboner.com\/?s={search_term_string}\"},\"query-input\":\"required name=search_term_string\"}],\"inLanguage\":\"fr-FR\"},{\"@type\":\"ImageObject\",\"@id\":\"https:\/\/essaboner.com\/fr\/produit\/savon-naturel-et-artisanal-a-lhuile-dolive-et-orange-fait-a-majorque-copia\/#primaryimage\",\"inLanguage\":\"fr-FR\",\"url\":\"https:\/\/essaboner.com\/wp-content\/uploads\/2022\/12\/DSC01210.jpg\",\"contentUrl\":\"https:\/\/essaboner.com\/wp-content\/uploads\/2022\/12\/DSC01210.jpg\",\"width\":1400,\"height\":934,\"caption\":\"Oliven\\u00f6lseife mit Zitrone aus Mallorca\"},{\"@type\":\"WebPage\",\"@id\":\"https:\/\/essaboner.com\/fr\/produit\/savon-naturel-et-artisanal-a-lhuile-dolive-et-orange-fait-a-majorque-copia\/#webpage\",\"url\":\"https:\/\/essaboner.com\/fr\/produit\/savon-naturel-et-artisanal-a-lhuile-dolive-et-orange-fait-a-majorque-copia\/\",\"name\":\"% - Es Saboner Es Saboner\",\"isPartOf\":{\"@id\":\"https:\/\/essaboner.com\/#website\"},\"primaryImageOfPage\":{\"@id\":\"https:\/\/essaboner.com\/fr\/produit\/savon-naturel-et-artisanal-a-lhuile-dolive-et-orange-fait-a-majorque-copia\/#primaryimage\"},\"datePublished\":\"2023-01-06T15:15:19+00:00\",\"dateModified\":\"2023-01-06T16:05:16+00:00\",\"description\":\"Savon 100% naturel y artisanal fait \\u00e0 Majorque. A l\\u2019huile d\\u2019olive vierge produite \\u00e0 S\\u00f3ller et \\u00e0 l\\u2019huile essentielle bio d'orange .\",\"breadcrumb\":{\"@id\":\"https:\/\/essaboner.com\/fr\/produit\/savon-naturel-et-artisanal-a-lhuile-dolive-et-orange-fait-a-majorque-copia\/#breadcrumb\"},\"inLanguage\":\"fr-FR\",\"potentialAction\":[{\"@type\":\"ReadAction\",\"target\":[\"https:\/\/essaboner.com\/fr\/produit\/savon-naturel-et-artisanal-a-lhuile-dolive-et-orange-fait-a-majorque-copia\/\"]}]},{\"@type\":\"BreadcrumbList\",\"@id\":\"https:\/\/essaboner.com\/fr\/produit\/savon-naturel-et-artisanal-a-lhuile-dolive-et-orange-fait-a-majorque-copia\/#breadcrumb\",\"itemListElement\":[{\"@type\":\"ListItem\",\"position\":1,\"name\":\"Portada\",\"item\":\"https:\/\/essaboner.com\/fr\/\"},{\"@type\":\"ListItem\",\"position\":2,\"name\":\"Boutique\",\"item\":\"https:\/\/essaboner.com\/fr\/boutique\/\"},{\"@type\":\"ListItem\",\"position\":3,\"name\":\"Savon naturel et artisanal \\u00e0 l&#8217;huile d&#8217;olive et orange fait \\u00e0 Majorque\"}]}]}<\/script>\n<!-- \/ Yoast SEO plugin. -->","yoast_head_json":{"title":"% - Es Saboner Es Saboner","description":"Savon 100% naturel y artisanal fait \u00e0 Majorque. A l\u2019huile d\u2019olive vierge produite \u00e0 S\u00f3ller et \u00e0 l\u2019huile essentielle bio d'orange .","robots":{"index":"index","follow":"follow","max-snippet":"max-snippet:-1","max-image-preview":"max-image-preview:large","max-video-preview":"max-video-preview:-1"},"canonical":"https:\/\/essaboner.com\/fr\/produit\/savon-naturel-et-artisanal-a-lhuile-dolive-et-orange-fait-a-majorque-copia\/","og_locale":"fr_FR","og_type":"article","og_title":"% - Es Saboner Es Saboner","og_description":"Savon 100% naturel y artisanal fait \u00e0 Majorque. A l\u2019huile d\u2019olive vierge produite \u00e0 S\u00f3ller et \u00e0 l\u2019huile essentielle bio d'orange .","og_url":"https:\/\/essaboner.com\/fr\/produit\/savon-naturel-et-artisanal-a-lhuile-dolive-et-orange-fait-a-majorque-copia\/","og_site_name":"Es Saboner","article_modified_time":"2023-01-06T16:05:16+00:00","og_image":[{"width":1400,"height":934,"url":"https:\/\/essaboner.com\/wp-content\/uploads\/2022\/12\/DSC01210.jpg","type":"image\/jpeg"}],"twitter_card":"summary_large_image","twitter_misc":{"Dur\u00e9e de lecture est.":"1 minute"},"schema":{"@context":"https:\/\/schema.org","@graph":[{"@type":"WebSite","@id":"https:\/\/essaboner.com\/#website","url":"https:\/\/essaboner.com\/","name":"Es Saboner","description":"Productos de limpieza naturales","potentialAction":[{"@type":"SearchAction","target":{"@type":"EntryPoint","urlTemplate":"https:\/\/essaboner.com\/?s={search_term_string}"},"query-input":"required name=search_term_string"}],"inLanguage":"fr-FR"},{"@type":"ImageObject","@id":"https:\/\/essaboner.com\/fr\/produit\/savon-naturel-et-artisanal-a-lhuile-dolive-et-orange-fait-a-majorque-copia\/#primaryimage","inLanguage":"fr-FR","url":"https:\/\/essaboner.com\/wp-content\/uploads\/2022\/12\/DSC01210.jpg","contentUrl":"https:\/\/essaboner.com\/wp-content\/uploads\/2022\/12\/DSC01210.jpg","width":1400,"height":934,"caption":"Oliven\u00f6lseife mit Zitrone aus Mallorca"},{"@type":"WebPage","@id":"https:\/\/essaboner.com\/fr\/produit\/savon-naturel-et-artisanal-a-lhuile-dolive-et-orange-fait-a-majorque-copia\/#webpage","url":"https:\/\/essaboner.com\/fr\/produit\/savon-naturel-et-artisanal-a-lhuile-dolive-et-orange-fait-a-majorque-copia\/","name":"% - Es Saboner Es Saboner","isPartOf":{"@id":"https:\/\/essaboner.com\/#website"},"primaryImageOfPage":{"@id":"https:\/\/essaboner.com\/fr\/produit\/savon-naturel-et-artisanal-a-lhuile-dolive-et-orange-fait-a-majorque-copia\/#primaryimage"},"datePublished":"2023-01-06T15:15:19+00:00","dateModified":"2023-01-06T16:05:16+00:00","description":"Savon 100% naturel y artisanal fait \u00e0 Majorque. A l\u2019huile d\u2019olive vierge produite \u00e0 S\u00f3ller et \u00e0 l\u2019huile essentielle bio d'orange .","breadcrumb":{"@id":"https:\/\/essaboner.com\/fr\/produit\/savon-naturel-et-artisanal-a-lhuile-dolive-et-orange-fait-a-majorque-copia\/#breadcrumb"},"inLanguage":"fr-FR","potentialAction":[{"@type":"ReadAction","target":["https:\/\/essaboner.com\/fr\/produit\/savon-naturel-et-artisanal-a-lhuile-dolive-et-orange-fait-a-majorque-copia\/"]}]},{"@type":"BreadcrumbList","@id":"https:\/\/essaboner.com\/fr\/produit\/savon-naturel-et-artisanal-a-lhuile-dolive-et-orange-fait-a-majorque-copia\/#breadcrumb","itemListElement":[{"@type":"ListItem","position":1,"name":"Portada","item":"https:\/\/essaboner.com\/fr\/"},{"@type":"ListItem","position":2,"name":"Boutique","item":"https:\/\/essaboner.com\/fr\/boutique\/"},{"@type":"ListItem","position":3,"name":"Savon naturel et artisanal \u00e0 l&#8217;huile d&#8217;olive et orange fait \u00e0 Majorque"}]}]}},"_links":{"self":[{"href":"https:\/\/essaboner.com\/fr\/wp-json\/wp\/v2\/product\/11748"}],"collection":[{"href":"https:\/\/essaboner.com\/fr\/wp-json\/wp\/v2\/product"}],"about":[{"href":"https:\/\/essaboner.com\/fr\/wp-json\/wp\/v2\/types\/product"}],"version-history":[{"count":19,"href":"https:\/\/essaboner.com\/fr\/wp-json\/wp\/v2\/product\/11748\/revisions"}],"predecessor-version":[{"id":11774,"href":"https:\/\/essaboner.com\/fr\/wp-json\/wp\/v2\/product\/11748\/revisions\/11774"}],"wp:featuredmedia":[{"embeddable":true,"href":"https:\/\/essaboner.com\/fr\/wp-json\/wp\/v2\/media\/11604"}],"wp:attachment":[{"href":"https:\/\/essaboner.com\/fr\/wp-json\/wp\/v2\/media?parent=11748"}],"wp:term":[{"taxonomy":"product_cat","embeddable":true,"href":"https:\/\/essaboner.com\/fr\/wp-json\/wp\/v2\/product_cat?post=11748"},{"taxonomy":"product_tag","embeddable":true,"href":"https:\/\/essaboner.com\/fr\/wp-json\/wp\/v2\/product_tag?post=11748"}],"curies":[{"name":"wp","href":"https:\/\/api.w.org\/{rel}","templated":true}]}}