{"id":11298,"date":"2021-02-03T10:40:42","date_gmt":"2021-02-03T10:40:42","guid":{"rendered":"https:\/\/essaboner.com\/product\/100-naturseife-fuer-die-haende-aus-mallorca\/"},"modified":"2021-11-05T13:21:56","modified_gmt":"2021-11-05T13:21:56","slug":"savon-pour-les-mains-100-naturel-fabrique-a-majorque","status":"publish","type":"product","link":"https:\/\/essaboner.com\/fr\/produit\/savon-pour-les-mains-100-naturel-fabrique-a-majorque\/","title":{"rendered":"Savon pour les mains 100% naturel fabriqu\u00e9 \u00e0 Majorque"},"content":{"rendered":"\t\t<div data-elementor-type=\"wp-post\" data-elementor-id=\"11298\" class=\"elementor elementor-11298 elementor-8658\" data-elementor-settings=\"[]\">\n\t\t\t\t\t\t<div class=\"elementor-inner\">\n\t\t\t\t\t\t\t<div class=\"elementor-section-wrap\">\n\t\t\t\t\t\t\t<section class=\"elementor-section elementor-top-section elementor-element elementor-element-1de2620 elementor-section-content-top elementor-section-boxed elementor-section-height-default elementor-section-height-default wd-section-disabled\" data-id=\"1de2620\" data-element_type=\"section\">\n\t\t\t\t\t\t<div class=\"elementor-container elementor-column-gap-default\">\n\t\t\t\t\t\t\t<div class=\"elementor-row\">\n\t\t\t\t\t<div class=\"elementor-column elementor-col-100 elementor-top-column elementor-element elementor-element-9ac83f1\" data-id=\"9ac83f1\" data-element_type=\"column\">\n\t\t\t<div class=\"elementor-column-wrap elementor-element-populated\">\n\t\t\t\t\t\t\t<div class=\"elementor-widget-wrap\">\n\t\t\t\t\t\t<div class=\"elementor-element elementor-element-a0531c4 elementor-widget elementor-widget-eael-adv-tabs\" data-id=\"a0531c4\" data-element_type=\"widget\" data-widget_type=\"eael-adv-tabs.default\">\n\t\t\t\t<div class=\"elementor-widget-container\">\n\t\t\t        <div id=\"eael-advance-tabs-a0531c4\" class=\"eael-advance-tabs eael-tabs-horizontal\" data-tabid=\"a0531c4\">\n            <div class=\"eael-tabs-nav\">\n                <ul class=\"\">\n                                            <li id=\"plus-dinformations\" class=\"inactive\">\n                            \n                            \n                            \n                                                            <span class=\"eael-tab-title title-after-icon\">Plus d'informations<\/span>\n                                                    <\/li>\n                                            <li id=\"prcautions-demploi-et-conseils-dutilisation\" class=\"inactive\">\n                            \n                            \n                            \n                                                            <span class=\"eael-tab-title title-after-icon\">Pr\u00e9cautions d'emploi et conseils d\u2019utilisation<\/span>\n                                                    <\/li>\n                                            <li id=\"composition\" class=\"inactive\">\n                            \n                            \n                            \n                                                            <span class=\"eael-tab-title title-after-icon\">Composition<\/span>\n                                                    <\/li>\n                                            <li id=\"ingrdients-inci\" class=\"inactive\">\n                            \n                            \n                            \n                                                            <span class=\"eael-tab-title title-after-icon\">Ingr\u00e9dients INCI<\/span>\n                                                    <\/li>\n                                    <\/ul>\n            <\/div>\n            <div class=\"eael-tabs-content\">\n\t\t        \n                    <div id=\"plus-dinformations-tab\" class=\"clearfix eael-tab-content-item inactive\" data-title-link=\"plus-dinformations\">\n\t\t\t\t        \t\t\t\t\t        <p>Savon de 75 grammes.<br \/>Fabriqu\u00e9 artisanalement, par saponification \u00e0 froid.<br \/>Certification NAT d\u00e9livr\u00e9e par l'ACENE.<br \/>100% naturel et v\u00e9gan.<br \/>Sans parfum.<br \/>Hypoallerg\u00e9nique.<br \/>Sans paraben ni EDTA, sans colorant artificiel, sans conservateur, sans agent moussant, sans parfum synth\u00e9tique, sans sulfate et sans huile de palme.<\/p>\t\t\t\t                            <\/div>\n\t\t        \n                    <div id=\"prcautions-demploi-et-conseils-dutilisation-tab\" class=\"clearfix eael-tab-content-item inactive\" data-title-link=\"prcautions-demploi-et-conseils-dutilisation\">\n\t\t\t\t        \t\t\t\t\t        <p>Lavez vos mains avec le savon Es Saboner en les frottant l'une contre l'autre pendant 40 \u00e0 60 secondes.<br \/>Apr\u00e8s utilisation, laissez le savon sur le c\u00f4t\u00e9 pour qu'il s\u00e8che mieux.<br \/>Conserver dans un endroit frais et sec.<\/p>\t\t\t\t                            <\/div>\n\t\t        \n                    <div id=\"composition-tab\" class=\"clearfix eael-tab-content-item inactive\" data-title-link=\"composition\">\n\t\t\t\t        \t\t\t\t\t        <p>Huile d'olive saponifi\u00e9e, huile de coco saponifi\u00e9e, eau, glyc\u00e9rine, argile blanche, argile verte, huile d'olive vierge, huile de coco biologique.<\/p>\t\t\t\t                            <\/div>\n\t\t        \n                    <div id=\"ingrdients-inci-tab\" class=\"clearfix eael-tab-content-item inactive\" data-title-link=\"ingrdients-inci\">\n\t\t\t\t        \t\t\t\t\t        <p>Sodium Olivate, Sodium Cocoate, Aqua, Glycerin, Kaolin, Montmorillonite, Olea Europaea Fruit Oil, Cocos Nucifera Oil.<\/p>\t\t\t\t                            <\/div>\n\t\t                    <\/div>\n        <\/div>\n\t\t<\/div>\n\t\t\t\t<\/div>\n\t\t\t\t\t\t<\/div>\n\t\t\t\t\t<\/div>\n\t\t<\/div>\n\t\t\t\t\t\t\t\t<\/div>\n\t\t\t\t\t<\/div>\n\t\t<\/section>\n\t\t\t\t\t\t<\/div>\n\t\t\t\t\t\t<\/div>\n\t\t\t\t\t<\/div>\n\t\t","protected":false},"excerpt":{"rendered":"<p>Savon naturel et artisanal fabriqu\u00e9 \u00e0 S\u00f3ller (Majorque &#8211; Espagne)<br \/>\nSavon surgras tr\u00e8s doux \u00e0 l&rsquo;huile d&rsquo;olive vierge produite \u00e0 S\u00f3ller.<br \/>\nPour les mains.<\/p>\n<p><strong>Poids. 75 grammes (environ)<\/strong><\/p>\n","protected":false},"featured_media":11300,"template":"","meta":[],"product_cat":[89],"product_tag":[],"yoast_head":"<!-- This site is optimized with the Yoast SEO plugin v17.4 - https:\/\/yoast.com\/wordpress\/plugins\/seo\/ -->\n<title>Savon pour les mains 100% naturel fabriqu\u00e9 \u00e0 Majorque - Es Saboner<\/title>\n<meta name=\"description\" content=\"Sab\u00f3 natural y artesanal d&#039;oli d&#039;oliva verge de Mallorca fet a Mallorca. Jab\u00f3n de manos natural con aceite de oliva de S\u00f3ller y hecho en Mallorca\" \/>\n<meta name=\"robots\" content=\"index, follow, max-snippet:-1, max-image-preview:large, max-video-preview:-1\" \/>\n<link rel=\"canonical\" href=\"https:\/\/essaboner.com\/fr\/produit\/savon-pour-les-mains-100-naturel-fabrique-a-majorque\/\" \/>\n<meta property=\"og:locale\" content=\"fr_FR\" \/>\n<meta property=\"og:type\" content=\"article\" \/>\n<meta property=\"og:title\" content=\"Savon pour les mains 100% naturel fabriqu\u00e9 \u00e0 Majorque - Es Saboner\" \/>\n<meta property=\"og:description\" content=\"Sab\u00f3 natural y artesanal d&#039;oli d&#039;oliva verge de Mallorca fet a Mallorca. Jab\u00f3n de manos natural con aceite de oliva de S\u00f3ller y hecho en Mallorca\" \/>\n<meta property=\"og:url\" content=\"https:\/\/essaboner.com\/fr\/produit\/savon-pour-les-mains-100-naturel-fabrique-a-majorque\/\" \/>\n<meta property=\"og:site_name\" content=\"Es Saboner\" \/>\n<meta property=\"article:modified_time\" content=\"2021-11-05T13:21:56+00:00\" \/>\n<meta property=\"og:image\" content=\"https:\/\/essaboner.com\/wp-content\/uploads\/2021\/02\/es-saboner-03.jpg\" \/>\n\t<meta property=\"og:image:width\" content=\"1400\" \/>\n\t<meta property=\"og:image:height\" content=\"1400\" \/>\n<meta name=\"twitter:card\" content=\"summary_large_image\" \/>\n<meta name=\"twitter:label1\" content=\"Dur\u00e9e de lecture est.\" \/>\n\t<meta name=\"twitter:data1\" content=\"1 minute\" \/>\n<script type=\"application\/ld+json\" class=\"yoast-schema-graph\">{\"@context\":\"https:\/\/schema.org\",\"@graph\":[{\"@type\":\"WebSite\",\"@id\":\"https:\/\/essaboner.com\/#website\",\"url\":\"https:\/\/essaboner.com\/\",\"name\":\"Es Saboner\",\"description\":\"Productos de limpieza naturales\",\"potentialAction\":[{\"@type\":\"SearchAction\",\"target\":{\"@type\":\"EntryPoint\",\"urlTemplate\":\"https:\/\/essaboner.com\/?s={search_term_string}\"},\"query-input\":\"required name=search_term_string\"}],\"inLanguage\":\"fr-FR\"},{\"@type\":\"ImageObject\",\"@id\":\"https:\/\/essaboner.com\/fr\/produit\/savon-pour-les-mains-100-naturel-fabrique-a-majorque\/#primaryimage\",\"inLanguage\":\"fr-FR\",\"url\":\"https:\/\/essaboner.com\/wp-content\/uploads\/2021\/02\/es-saboner-03.jpg\",\"contentUrl\":\"https:\/\/essaboner.com\/wp-content\/uploads\/2021\/02\/es-saboner-03.jpg\",\"width\":1400,\"height\":1400,\"caption\":\"Pastilla de jab\\u00f3n de manos natural de Mallorca y envoltorio de papel\"},{\"@type\":\"WebPage\",\"@id\":\"https:\/\/essaboner.com\/fr\/produit\/savon-pour-les-mains-100-naturel-fabrique-a-majorque\/#webpage\",\"url\":\"https:\/\/essaboner.com\/fr\/produit\/savon-pour-les-mains-100-naturel-fabrique-a-majorque\/\",\"name\":\"Savon pour les mains 100% naturel fabriqu\\u00e9 \\u00e0 Majorque - Es Saboner\",\"isPartOf\":{\"@id\":\"https:\/\/essaboner.com\/#website\"},\"primaryImageOfPage\":{\"@id\":\"https:\/\/essaboner.com\/fr\/produit\/savon-pour-les-mains-100-naturel-fabrique-a-majorque\/#primaryimage\"},\"datePublished\":\"2021-02-03T10:40:42+00:00\",\"dateModified\":\"2021-11-05T13:21:56+00:00\",\"description\":\"Sab\\u00f3 natural y artesanal d'oli d'oliva verge de Mallorca fet a Mallorca. Jab\\u00f3n de manos natural con aceite de oliva de S\\u00f3ller y hecho en Mallorca\",\"breadcrumb\":{\"@id\":\"https:\/\/essaboner.com\/fr\/produit\/savon-pour-les-mains-100-naturel-fabrique-a-majorque\/#breadcrumb\"},\"inLanguage\":\"fr-FR\",\"potentialAction\":[{\"@type\":\"ReadAction\",\"target\":[\"https:\/\/essaboner.com\/fr\/produit\/savon-pour-les-mains-100-naturel-fabrique-a-majorque\/\"]}]},{\"@type\":\"BreadcrumbList\",\"@id\":\"https:\/\/essaboner.com\/fr\/produit\/savon-pour-les-mains-100-naturel-fabrique-a-majorque\/#breadcrumb\",\"itemListElement\":[{\"@type\":\"ListItem\",\"position\":1,\"name\":\"Portada\",\"item\":\"https:\/\/essaboner.com\/fr\/\"},{\"@type\":\"ListItem\",\"position\":2,\"name\":\"Boutique\",\"item\":\"https:\/\/essaboner.com\/fr\/boutique\/\"},{\"@type\":\"ListItem\",\"position\":3,\"name\":\"Savon pour les mains 100% naturel fabriqu\\u00e9 \\u00e0 Majorque\"}]}]}<\/script>\n<!-- \/ Yoast SEO plugin. -->","yoast_head_json":{"title":"Savon pour les mains 100% naturel fabriqu\u00e9 \u00e0 Majorque - Es Saboner","description":"Sab\u00f3 natural y artesanal d'oli d'oliva verge de Mallorca fet a Mallorca. Jab\u00f3n de manos natural con aceite de oliva de S\u00f3ller y hecho en Mallorca","robots":{"index":"index","follow":"follow","max-snippet":"max-snippet:-1","max-image-preview":"max-image-preview:large","max-video-preview":"max-video-preview:-1"},"canonical":"https:\/\/essaboner.com\/fr\/produit\/savon-pour-les-mains-100-naturel-fabrique-a-majorque\/","og_locale":"fr_FR","og_type":"article","og_title":"Savon pour les mains 100% naturel fabriqu\u00e9 \u00e0 Majorque - Es Saboner","og_description":"Sab\u00f3 natural y artesanal d'oli d'oliva verge de Mallorca fet a Mallorca. Jab\u00f3n de manos natural con aceite de oliva de S\u00f3ller y hecho en Mallorca","og_url":"https:\/\/essaboner.com\/fr\/produit\/savon-pour-les-mains-100-naturel-fabrique-a-majorque\/","og_site_name":"Es Saboner","article_modified_time":"2021-11-05T13:21:56+00:00","og_image":[{"width":1400,"height":1400,"url":"https:\/\/essaboner.com\/wp-content\/uploads\/2021\/02\/es-saboner-03.jpg","type":"image\/jpeg"}],"twitter_card":"summary_large_image","twitter_misc":{"Dur\u00e9e de lecture est.":"1 minute"},"schema":{"@context":"https:\/\/schema.org","@graph":[{"@type":"WebSite","@id":"https:\/\/essaboner.com\/#website","url":"https:\/\/essaboner.com\/","name":"Es Saboner","description":"Productos de limpieza naturales","potentialAction":[{"@type":"SearchAction","target":{"@type":"EntryPoint","urlTemplate":"https:\/\/essaboner.com\/?s={search_term_string}"},"query-input":"required name=search_term_string"}],"inLanguage":"fr-FR"},{"@type":"ImageObject","@id":"https:\/\/essaboner.com\/fr\/produit\/savon-pour-les-mains-100-naturel-fabrique-a-majorque\/#primaryimage","inLanguage":"fr-FR","url":"https:\/\/essaboner.com\/wp-content\/uploads\/2021\/02\/es-saboner-03.jpg","contentUrl":"https:\/\/essaboner.com\/wp-content\/uploads\/2021\/02\/es-saboner-03.jpg","width":1400,"height":1400,"caption":"Pastilla de jab\u00f3n de manos natural de Mallorca y envoltorio de papel"},{"@type":"WebPage","@id":"https:\/\/essaboner.com\/fr\/produit\/savon-pour-les-mains-100-naturel-fabrique-a-majorque\/#webpage","url":"https:\/\/essaboner.com\/fr\/produit\/savon-pour-les-mains-100-naturel-fabrique-a-majorque\/","name":"Savon pour les mains 100% naturel fabriqu\u00e9 \u00e0 Majorque - Es Saboner","isPartOf":{"@id":"https:\/\/essaboner.com\/#website"},"primaryImageOfPage":{"@id":"https:\/\/essaboner.com\/fr\/produit\/savon-pour-les-mains-100-naturel-fabrique-a-majorque\/#primaryimage"},"datePublished":"2021-02-03T10:40:42+00:00","dateModified":"2021-11-05T13:21:56+00:00","description":"Sab\u00f3 natural y artesanal d'oli d'oliva verge de Mallorca fet a Mallorca. Jab\u00f3n de manos natural con aceite de oliva de S\u00f3ller y hecho en Mallorca","breadcrumb":{"@id":"https:\/\/essaboner.com\/fr\/produit\/savon-pour-les-mains-100-naturel-fabrique-a-majorque\/#breadcrumb"},"inLanguage":"fr-FR","potentialAction":[{"@type":"ReadAction","target":["https:\/\/essaboner.com\/fr\/produit\/savon-pour-les-mains-100-naturel-fabrique-a-majorque\/"]}]},{"@type":"BreadcrumbList","@id":"https:\/\/essaboner.com\/fr\/produit\/savon-pour-les-mains-100-naturel-fabrique-a-majorque\/#breadcrumb","itemListElement":[{"@type":"ListItem","position":1,"name":"Portada","item":"https:\/\/essaboner.com\/fr\/"},{"@type":"ListItem","position":2,"name":"Boutique","item":"https:\/\/essaboner.com\/fr\/boutique\/"},{"@type":"ListItem","position":3,"name":"Savon pour les mains 100% naturel fabriqu\u00e9 \u00e0 Majorque"}]}]}},"_links":{"self":[{"href":"https:\/\/essaboner.com\/fr\/wp-json\/wp\/v2\/product\/11298"}],"collection":[{"href":"https:\/\/essaboner.com\/fr\/wp-json\/wp\/v2\/product"}],"about":[{"href":"https:\/\/essaboner.com\/fr\/wp-json\/wp\/v2\/types\/product"}],"version-history":[{"count":5,"href":"https:\/\/essaboner.com\/fr\/wp-json\/wp\/v2\/product\/11298\/revisions"}],"predecessor-version":[{"id":11385,"href":"https:\/\/essaboner.com\/fr\/wp-json\/wp\/v2\/product\/11298\/revisions\/11385"}],"wp:featuredmedia":[{"embeddable":true,"href":"https:\/\/essaboner.com\/fr\/wp-json\/wp\/v2\/media\/11300"}],"wp:attachment":[{"href":"https:\/\/essaboner.com\/fr\/wp-json\/wp\/v2\/media?parent=11298"}],"wp:term":[{"taxonomy":"product_cat","embeddable":true,"href":"https:\/\/essaboner.com\/fr\/wp-json\/wp\/v2\/product_cat?post=11298"},{"taxonomy":"product_tag","embeddable":true,"href":"https:\/\/essaboner.com\/fr\/wp-json\/wp\/v2\/product_tag?post=11298"}],"curies":[{"name":"wp","href":"https:\/\/api.w.org\/{rel}","templated":true}]}}