{"id":11288,"date":"2021-06-04T20:54:39","date_gmt":"2021-06-04T20:54:39","guid":{"rendered":"https:\/\/essaboner.com\/product\/jabon-natural-y-artesanal-de-aceite-de-oliva-y-naranja-hecho-en-mallorca-2\/"},"modified":"2021-11-04T04:54:29","modified_gmt":"2021-11-04T04:54:29","slug":"jabon-natural-y-artesanal-de-aceite-de-oliva-y-naranja-hecho-en-mallorca","status":"publish","type":"product","link":"https:\/\/essaboner.com\/fr\/produit\/jabon-natural-y-artesanal-de-aceite-de-oliva-y-naranja-hecho-en-mallorca\/","title":{"rendered":"Jab\u00f3n natural y artesanal de aceite de oliva y naranja hecho en Mallorca"},"content":{"rendered":"\t\t<div data-elementor-type=\"wp-post\" data-elementor-id=\"11288\" class=\"elementor elementor-11288 elementor-8990\" data-elementor-settings=\"[]\">\n\t\t\t\t\t\t<div class=\"elementor-inner\">\n\t\t\t\t\t\t\t<div class=\"elementor-section-wrap\">\n\t\t\t\t\t\t\t<section class=\"elementor-section elementor-top-section elementor-element elementor-element-1de2620 elementor-section-content-top elementor-section-boxed elementor-section-height-default elementor-section-height-default wd-section-disabled\" data-id=\"1de2620\" data-element_type=\"section\">\n\t\t\t\t\t\t<div class=\"elementor-container elementor-column-gap-default\">\n\t\t\t\t\t\t\t<div class=\"elementor-row\">\n\t\t\t\t\t<div class=\"elementor-column elementor-col-100 elementor-top-column elementor-element elementor-element-9ac83f1\" data-id=\"9ac83f1\" data-element_type=\"column\">\n\t\t\t<div class=\"elementor-column-wrap elementor-element-populated\">\n\t\t\t\t\t\t\t<div class=\"elementor-widget-wrap\">\n\t\t\t\t\t\t<div class=\"elementor-element elementor-element-a0531c4 elementor-widget elementor-widget-eael-adv-tabs\" data-id=\"a0531c4\" data-element_type=\"widget\" data-widget_type=\"eael-adv-tabs.default\">\n\t\t\t\t<div class=\"elementor-widget-container\">\n\t\t\t        <div id=\"eael-advance-tabs-a0531c4\" class=\"eael-advance-tabs eael-tabs-horizontal\" data-tabid=\"a0531c4\">\n            <div class=\"eael-tabs-nav\">\n                <ul class=\"\">\n                                            <li id=\"plus-dinformations\" class=\"inactive\">\n                            \n                            \n                            \n                                                            <span class=\"eael-tab-title title-after-icon\">Plus d'informations<\/span>\n                                                    <\/li>\n                                            <li id=\"prcautions-demploi-et-conseils-dutilisation\" class=\"inactive\">\n                            \n                            \n                            \n                                                            <span class=\"eael-tab-title title-after-icon\">Pr\u00e9cautions d'emploi et conseils d\u2019utilisation<\/span>\n                                                    <\/li>\n                                            <li id=\"composition\" class=\"inactive\">\n                            \n                            \n                            \n                                                            <span class=\"eael-tab-title title-after-icon\">Composition<\/span>\n                                                    <\/li>\n                                            <li id=\"ingrdients-inci\" class=\"inactive\">\n                            \n                            \n                            \n                                                            <span class=\"eael-tab-title title-after-icon\">Ingr\u00e9dients INCI<\/span>\n                                                    <\/li>\n                                    <\/ul>\n            <\/div>\n            <div class=\"eael-tabs-content\">\n\t\t        \n                    <div id=\"plus-dinformations-tab\" class=\"clearfix eael-tab-content-item inactive\" data-title-link=\"plus-dinformations\">\n\t\t\t\t        \t\t\t\t\t        <p>T<span id=\"result_box\" class=\"short_text\" lang=\"es\" xml:lang=\"es\">otalmente hecho a mano en S\u00f3ller<\/span>, Mallorca, con <span class=\"short_text\" lang=\"es\" xml:lang=\"es\">saponificaci\u00f3n en fr\u00edo<\/span>.<\/p><p><span lang=\"es\" xml:lang=\"es\">Certificaci\u00f3n NATURAL emitida par ACENE.<\/span><\/p><p>100% natural y vegano.<\/p><p>Sin parabenos y EDTA, sin colorantes artificiales, sin conservantes, sin agente espumante, sin perfume sint\u00e9tico, sin sulfatos y sin aceite de palma.<\/p>\t\t\t\t                            <\/div>\n\t\t        \n                    <div id=\"prcautions-demploi-et-conseils-dutilisation-tab\" class=\"clearfix eael-tab-content-item inactive\" data-title-link=\"prcautions-demploi-et-conseils-dutilisation\">\n\t\t\t\t        \t\t\t\t\t        <p>Para cuerpo y cara.<\/p><p>Despu\u00e9s de usarlo, deje el jab\u00f3n apoyado sobre un lado para que se seque mejor.<\/p><p>Conservar en un lugar seco y fresco.<\/p>\t\t\t\t                            <\/div>\n\t\t        \n                    <div id=\"composition-tab\" class=\"clearfix eael-tab-content-item inactive\" data-title-link=\"composition\">\n\t\t\t\t        \t\t\t\t\t        <p>Aceite de oliva saponificado, aceite de coco saponificado, agua, glicerina, aceite de oliva virgen, arcilla naranja, aceite de coco virgen ecol\u00f3gico , aceite esencial de naranja ecol\u00f3gico , aceite esencial de lemongrass ecol\u00f3gico , aceite esencial de petitgrain bigaradier ecol\u00f3gico , citral*, geraniol*, limonene*, linalool*(*sustancias naturalmente presentes en los aceites esenciales).<\/p>\t\t\t\t                            <\/div>\n\t\t        \n                    <div id=\"ingrdients-inci-tab\" class=\"clearfix eael-tab-content-item inactive\" data-title-link=\"ingrdients-inci\">\n\t\t\t\t        \t\t\t\t\t        <p>Sodium Olivate, Sodium Cocoate, Aqua, Glycerin, Olea Europaea Fruit Oil, Illite, Cocos Nucifera Oil, Citrus Sinensis Peel Oil Expressed, Cymbopogon Citratus Leaf Oil, Citrus Aurantium Leaf Oil, Citral, Geraniol, Limonene, Linalool<\/p>\t\t\t\t                            <\/div>\n\t\t                    <\/div>\n        <\/div>\n\t\t<\/div>\n\t\t\t\t<\/div>\n\t\t\t\t\t\t<\/div>\n\t\t\t\t\t<\/div>\n\t\t<\/div>\n\t\t\t\t\t\t\t\t<\/div>\n\t\t\t\t\t<\/div>\n\t\t<\/section>\n\t\t\t\t\t\t<\/div>\n\t\t\t\t\t\t<\/div>\n\t\t\t\t\t<\/div>\n\t\t","protected":false},"excerpt":{"rendered":"<p>Jab\u00f3n 100% natural y artesanal hecho en Mallorca.<\/p>\n<p>Con aceite de oliva producido en S\u00f3ller y aceite esencial ec\u00f3logico virgen de naranja.<\/p>\n<p>Para cara\u00a0 y cuerpo.<\/p>\n<p>90 g.<\/p>\n","protected":false},"featured_media":11289,"template":"","meta":[],"product_cat":[89],"product_tag":[],"yoast_head":"<!-- This site is optimized with the Yoast SEO plugin v17.4 - https:\/\/yoast.com\/wordpress\/plugins\/seo\/ -->\n<title>Jab\u00f3n natural y artesanal de aceite de oliva y naranja hecho en Mallorca - Es Saboner<\/title>\n<meta name=\"description\" content=\"Jab\u00f3n 100% natural y artesanal hecho en Mallorca. Con aceite de oliva virgen producido en S\u00f3ller y aceite esencial ec\u00f3logico de naranja.\" \/>\n<meta name=\"robots\" content=\"index, follow, max-snippet:-1, max-image-preview:large, max-video-preview:-1\" \/>\n<link rel=\"canonical\" href=\"https:\/\/essaboner.com\/fr\/produit\/jabon-natural-y-artesanal-de-aceite-de-oliva-y-naranja-hecho-en-mallorca\/\" \/>\n<meta property=\"og:locale\" content=\"fr_FR\" \/>\n<meta property=\"og:type\" content=\"article\" \/>\n<meta property=\"og:title\" content=\"Jab\u00f3n natural y artesanal de aceite de oliva y naranja hecho en Mallorca - Es Saboner\" \/>\n<meta property=\"og:description\" content=\"Jab\u00f3n 100% natural y artesanal hecho en Mallorca. Con aceite de oliva virgen producido en S\u00f3ller y aceite esencial ec\u00f3logico de naranja.\" \/>\n<meta property=\"og:url\" content=\"https:\/\/essaboner.com\/fr\/produit\/jabon-natural-y-artesanal-de-aceite-de-oliva-y-naranja-hecho-en-mallorca\/\" \/>\n<meta property=\"og:site_name\" content=\"Es Saboner\" \/>\n<meta property=\"article:modified_time\" content=\"2021-11-04T04:54:29+00:00\" \/>\n<meta property=\"og:image\" content=\"https:\/\/essaboner.com\/wp-content\/uploads\/2021\/06\/NARANJA-ORANGE-scaled.jpg\" \/>\n\t<meta property=\"og:image:width\" content=\"2560\" \/>\n\t<meta property=\"og:image:height\" content=\"1707\" \/>\n<meta name=\"twitter:card\" content=\"summary_large_image\" \/>\n<meta name=\"twitter:label1\" content=\"Dur\u00e9e de lecture est.\" \/>\n\t<meta name=\"twitter:data1\" content=\"1 minute\" \/>\n<script type=\"application\/ld+json\" class=\"yoast-schema-graph\">{\"@context\":\"https:\/\/schema.org\",\"@graph\":[{\"@type\":\"WebSite\",\"@id\":\"https:\/\/essaboner.com\/#website\",\"url\":\"https:\/\/essaboner.com\/\",\"name\":\"Es Saboner\",\"description\":\"Productos de limpieza naturales\",\"potentialAction\":[{\"@type\":\"SearchAction\",\"target\":{\"@type\":\"EntryPoint\",\"urlTemplate\":\"https:\/\/essaboner.com\/?s={search_term_string}\"},\"query-input\":\"required name=search_term_string\"}],\"inLanguage\":\"fr-FR\"},{\"@type\":\"ImageObject\",\"@id\":\"https:\/\/essaboner.com\/fr\/produit\/jabon-natural-y-artesanal-de-aceite-de-oliva-y-naranja-hecho-en-mallorca\/#primaryimage\",\"inLanguage\":\"fr-FR\",\"url\":\"https:\/\/essaboner.com\/wp-content\/uploads\/2021\/06\/NARANJA-ORANGE-scaled.jpg\",\"contentUrl\":\"https:\/\/essaboner.com\/wp-content\/uploads\/2021\/06\/NARANJA-ORANGE-scaled.jpg\",\"width\":2560,\"height\":1707,\"caption\":\"bodeg\\u00f3n naranjas y pastillas de jab\\u00f3n natural y artesanal de mallorca\"},{\"@type\":\"WebPage\",\"@id\":\"https:\/\/essaboner.com\/fr\/produit\/jabon-natural-y-artesanal-de-aceite-de-oliva-y-naranja-hecho-en-mallorca\/#webpage\",\"url\":\"https:\/\/essaboner.com\/fr\/produit\/jabon-natural-y-artesanal-de-aceite-de-oliva-y-naranja-hecho-en-mallorca\/\",\"name\":\"Jab\\u00f3n natural y artesanal de aceite de oliva y naranja hecho en Mallorca - Es Saboner\",\"isPartOf\":{\"@id\":\"https:\/\/essaboner.com\/#website\"},\"primaryImageOfPage\":{\"@id\":\"https:\/\/essaboner.com\/fr\/produit\/jabon-natural-y-artesanal-de-aceite-de-oliva-y-naranja-hecho-en-mallorca\/#primaryimage\"},\"datePublished\":\"2021-06-04T20:54:39+00:00\",\"dateModified\":\"2021-11-04T04:54:29+00:00\",\"description\":\"Jab\\u00f3n 100% natural y artesanal hecho en Mallorca. Con aceite de oliva virgen producido en S\\u00f3ller y aceite esencial ec\\u00f3logico de naranja.\",\"breadcrumb\":{\"@id\":\"https:\/\/essaboner.com\/fr\/produit\/jabon-natural-y-artesanal-de-aceite-de-oliva-y-naranja-hecho-en-mallorca\/#breadcrumb\"},\"inLanguage\":\"fr-FR\",\"potentialAction\":[{\"@type\":\"ReadAction\",\"target\":[\"https:\/\/essaboner.com\/fr\/produit\/jabon-natural-y-artesanal-de-aceite-de-oliva-y-naranja-hecho-en-mallorca\/\"]}]},{\"@type\":\"BreadcrumbList\",\"@id\":\"https:\/\/essaboner.com\/fr\/produit\/jabon-natural-y-artesanal-de-aceite-de-oliva-y-naranja-hecho-en-mallorca\/#breadcrumb\",\"itemListElement\":[{\"@type\":\"ListItem\",\"position\":1,\"name\":\"Portada\",\"item\":\"https:\/\/essaboner.com\/fr\/\"},{\"@type\":\"ListItem\",\"position\":2,\"name\":\"Boutique\",\"item\":\"https:\/\/essaboner.com\/fr\/boutique\/\"},{\"@type\":\"ListItem\",\"position\":3,\"name\":\"Jab\\u00f3n natural y artesanal de aceite de oliva y naranja hecho en Mallorca\"}]}]}<\/script>\n<!-- \/ Yoast SEO plugin. -->","yoast_head_json":{"title":"Jab\u00f3n natural y artesanal de aceite de oliva y naranja hecho en Mallorca - Es Saboner","description":"Jab\u00f3n 100% natural y artesanal hecho en Mallorca. Con aceite de oliva virgen producido en S\u00f3ller y aceite esencial ec\u00f3logico de naranja.","robots":{"index":"index","follow":"follow","max-snippet":"max-snippet:-1","max-image-preview":"max-image-preview:large","max-video-preview":"max-video-preview:-1"},"canonical":"https:\/\/essaboner.com\/fr\/produit\/jabon-natural-y-artesanal-de-aceite-de-oliva-y-naranja-hecho-en-mallorca\/","og_locale":"fr_FR","og_type":"article","og_title":"Jab\u00f3n natural y artesanal de aceite de oliva y naranja hecho en Mallorca - Es Saboner","og_description":"Jab\u00f3n 100% natural y artesanal hecho en Mallorca. Con aceite de oliva virgen producido en S\u00f3ller y aceite esencial ec\u00f3logico de naranja.","og_url":"https:\/\/essaboner.com\/fr\/produit\/jabon-natural-y-artesanal-de-aceite-de-oliva-y-naranja-hecho-en-mallorca\/","og_site_name":"Es Saboner","article_modified_time":"2021-11-04T04:54:29+00:00","og_image":[{"width":2560,"height":1707,"url":"https:\/\/essaboner.com\/wp-content\/uploads\/2021\/06\/NARANJA-ORANGE-scaled.jpg","type":"image\/jpeg"}],"twitter_card":"summary_large_image","twitter_misc":{"Dur\u00e9e de lecture est.":"1 minute"},"schema":{"@context":"https:\/\/schema.org","@graph":[{"@type":"WebSite","@id":"https:\/\/essaboner.com\/#website","url":"https:\/\/essaboner.com\/","name":"Es Saboner","description":"Productos de limpieza naturales","potentialAction":[{"@type":"SearchAction","target":{"@type":"EntryPoint","urlTemplate":"https:\/\/essaboner.com\/?s={search_term_string}"},"query-input":"required name=search_term_string"}],"inLanguage":"fr-FR"},{"@type":"ImageObject","@id":"https:\/\/essaboner.com\/fr\/produit\/jabon-natural-y-artesanal-de-aceite-de-oliva-y-naranja-hecho-en-mallorca\/#primaryimage","inLanguage":"fr-FR","url":"https:\/\/essaboner.com\/wp-content\/uploads\/2021\/06\/NARANJA-ORANGE-scaled.jpg","contentUrl":"https:\/\/essaboner.com\/wp-content\/uploads\/2021\/06\/NARANJA-ORANGE-scaled.jpg","width":2560,"height":1707,"caption":"bodeg\u00f3n naranjas y pastillas de jab\u00f3n natural y artesanal de mallorca"},{"@type":"WebPage","@id":"https:\/\/essaboner.com\/fr\/produit\/jabon-natural-y-artesanal-de-aceite-de-oliva-y-naranja-hecho-en-mallorca\/#webpage","url":"https:\/\/essaboner.com\/fr\/produit\/jabon-natural-y-artesanal-de-aceite-de-oliva-y-naranja-hecho-en-mallorca\/","name":"Jab\u00f3n natural y artesanal de aceite de oliva y naranja hecho en Mallorca - Es Saboner","isPartOf":{"@id":"https:\/\/essaboner.com\/#website"},"primaryImageOfPage":{"@id":"https:\/\/essaboner.com\/fr\/produit\/jabon-natural-y-artesanal-de-aceite-de-oliva-y-naranja-hecho-en-mallorca\/#primaryimage"},"datePublished":"2021-06-04T20:54:39+00:00","dateModified":"2021-11-04T04:54:29+00:00","description":"Jab\u00f3n 100% natural y artesanal hecho en Mallorca. Con aceite de oliva virgen producido en S\u00f3ller y aceite esencial ec\u00f3logico de naranja.","breadcrumb":{"@id":"https:\/\/essaboner.com\/fr\/produit\/jabon-natural-y-artesanal-de-aceite-de-oliva-y-naranja-hecho-en-mallorca\/#breadcrumb"},"inLanguage":"fr-FR","potentialAction":[{"@type":"ReadAction","target":["https:\/\/essaboner.com\/fr\/produit\/jabon-natural-y-artesanal-de-aceite-de-oliva-y-naranja-hecho-en-mallorca\/"]}]},{"@type":"BreadcrumbList","@id":"https:\/\/essaboner.com\/fr\/produit\/jabon-natural-y-artesanal-de-aceite-de-oliva-y-naranja-hecho-en-mallorca\/#breadcrumb","itemListElement":[{"@type":"ListItem","position":1,"name":"Portada","item":"https:\/\/essaboner.com\/fr\/"},{"@type":"ListItem","position":2,"name":"Boutique","item":"https:\/\/essaboner.com\/fr\/boutique\/"},{"@type":"ListItem","position":3,"name":"Jab\u00f3n natural y artesanal de aceite de oliva y naranja hecho en Mallorca"}]}]}},"_links":{"self":[{"href":"https:\/\/essaboner.com\/fr\/wp-json\/wp\/v2\/product\/11288"}],"collection":[{"href":"https:\/\/essaboner.com\/fr\/wp-json\/wp\/v2\/product"}],"about":[{"href":"https:\/\/essaboner.com\/fr\/wp-json\/wp\/v2\/types\/product"}],"version-history":[{"count":4,"href":"https:\/\/essaboner.com\/fr\/wp-json\/wp\/v2\/product\/11288\/revisions"}],"predecessor-version":[{"id":11307,"href":"https:\/\/essaboner.com\/fr\/wp-json\/wp\/v2\/product\/11288\/revisions\/11307"}],"wp:featuredmedia":[{"embeddable":true,"href":"https:\/\/essaboner.com\/fr\/wp-json\/wp\/v2\/media\/11289"}],"wp:attachment":[{"href":"https:\/\/essaboner.com\/fr\/wp-json\/wp\/v2\/media?parent=11288"}],"wp:term":[{"taxonomy":"product_cat","embeddable":true,"href":"https:\/\/essaboner.com\/fr\/wp-json\/wp\/v2\/product_cat?post=11288"},{"taxonomy":"product_tag","embeddable":true,"href":"https:\/\/essaboner.com\/fr\/wp-json\/wp\/v2\/product_tag?post=11288"}],"curies":[{"name":"wp","href":"https:\/\/api.w.org\/{rel}","templated":true}]}}