{"id":11256,"date":"2021-02-03T10:40:42","date_gmt":"2021-02-03T10:40:42","guid":{"rendered":"https:\/\/essaboner.com\/product\/jabon-natural-de-manos-hecho-en-mallorca\/"},"modified":"2021-11-05T13:19:51","modified_gmt":"2021-11-05T13:19:51","slug":"100-natural-hand-soap-made-in-mallorca","status":"publish","type":"product","link":"https:\/\/essaboner.com\/en\/product\/100-natural-hand-soap-made-in-mallorca\/","title":{"rendered":"100% natural hand soap made in Mallorca"},"content":{"rendered":"\t\t<div data-elementor-type=\"wp-post\" data-elementor-id=\"11256\" class=\"elementor elementor-11256 elementor-8658\" data-elementor-settings=\"[]\">\n\t\t\t\t\t\t<div class=\"elementor-inner\">\n\t\t\t\t\t\t\t<div class=\"elementor-section-wrap\">\n\t\t\t\t\t\t\t<section class=\"elementor-section elementor-top-section elementor-element elementor-element-1de2620 elementor-section-content-top elementor-section-boxed elementor-section-height-default elementor-section-height-default wd-section-disabled\" data-id=\"1de2620\" data-element_type=\"section\">\n\t\t\t\t\t\t<div class=\"elementor-container elementor-column-gap-default\">\n\t\t\t\t\t\t\t<div class=\"elementor-row\">\n\t\t\t\t\t<div class=\"elementor-column elementor-col-100 elementor-top-column elementor-element elementor-element-9ac83f1\" data-id=\"9ac83f1\" data-element_type=\"column\">\n\t\t\t<div class=\"elementor-column-wrap elementor-element-populated\">\n\t\t\t\t\t\t\t<div class=\"elementor-widget-wrap\">\n\t\t\t\t\t\t<div class=\"elementor-element elementor-element-a0531c4 elementor-widget elementor-widget-eael-adv-tabs\" data-id=\"a0531c4\" data-element_type=\"widget\" data-widget_type=\"eael-adv-tabs.default\">\n\t\t\t\t<div class=\"elementor-widget-container\">\n\t\t\t        <div id=\"eael-advance-tabs-a0531c4\" class=\"eael-advance-tabs eael-tabs-horizontal\" data-tabid=\"a0531c4\">\n            <div class=\"eael-tabs-nav\">\n                <ul class=\"\">\n                                            <li id=\"more-information\" class=\"inactive\">\n                            \n                            \n                            \n                                                            <span class=\"eael-tab-title title-after-icon\">More Information<\/span>\n                                                    <\/li>\n                                            <li id=\"precautions-for-use-and-advice\" class=\"inactive\">\n                            \n                            \n                            \n                                                            <span class=\"eael-tab-title title-after-icon\">Precautions for use and advice<\/span>\n                                                    <\/li>\n                                            <li id=\"composition\" class=\"inactive\">\n                            \n                            \n                            \n                                                            <span class=\"eael-tab-title title-after-icon\">Composition<\/span>\n                                                    <\/li>\n                                            <li id=\"inci-ingredients\" class=\"inactive\">\n                            \n                            \n                            \n                                                            <span class=\"eael-tab-title title-after-icon\">INCI Ingredients<\/span>\n                                                    <\/li>\n                                    <\/ul>\n            <\/div>\n            <div class=\"eael-tabs-content\">\n\t\t        \n                    <div id=\"more-information-tab\" class=\"clearfix eael-tab-content-item inactive\" data-title-link=\"more-information\">\n\t\t\t\t        \t\t\t\t\t        <p>Soap 75 grams.<br \/>Entirely handmade, by cold saponification.<br \/>NATURAL Certification issued by ACENE.<br \/>100% natural and vegan.<br \/>Fragrance free.<br \/>Hypoallergenic.<br \/>Free from: parabens, EDTA, artificial colorants, preservatives, foaming agents, synthetic perfumes, sulphates and palm oil.<\/p>\t\t\t\t                            <\/div>\n\t\t        \n                    <div id=\"precautions-for-use-and-advice-tab\" class=\"clearfix eael-tab-content-item inactive\" data-title-link=\"precautions-for-use-and-advice\">\n\t\t\t\t        \t\t\t\t\t        <p>Wash your hands with Es Saboner soap for 40 to 60 seconds.<br \/>After use, leave the soap on its side for optimal drying.<br \/>Store in a cool, dry place.<\/p>\t\t\t\t                            <\/div>\n\t\t        \n                    <div id=\"composition-tab\" class=\"clearfix eael-tab-content-item inactive\" data-title-link=\"composition\">\n\t\t\t\t        \t\t\t\t\t        <p>Saponified olive oil, saponified coconut oil, water, glycerine, white clay, green clay, virgin olive oil, organic coconut oil.<\/p>\t\t\t\t                            <\/div>\n\t\t        \n                    <div id=\"inci-ingredients-tab\" class=\"clearfix eael-tab-content-item inactive\" data-title-link=\"inci-ingredients\">\n\t\t\t\t        \t\t\t\t\t        <p>Sodium Olivate, Sodium Cocoate, Aqua, Glycerin, Kaolin, Montmorillonite, Olea Europaea Fruit Oil, Cocos Nucifera Oil.<\/p>\t\t\t\t                            <\/div>\n\t\t                    <\/div>\n        <\/div>\n\t\t<\/div>\n\t\t\t\t<\/div>\n\t\t\t\t\t\t<\/div>\n\t\t\t\t\t<\/div>\n\t\t<\/div>\n\t\t\t\t\t\t\t\t<\/div>\n\t\t\t\t\t<\/div>\n\t\t<\/section>\n\t\t\t\t\t\t<\/div>\n\t\t\t\t\t\t<\/div>\n\t\t\t\t\t<\/div>\n\t\t","protected":false},"excerpt":{"rendered":"<p>Natural and handmade soap made in S\u00f3ller (Mallorca &#8211; Spain).<br \/>\nVery mild hand soap with virgin olive oil produced in S\u00f3ller.<br \/>\nFor the hands.<\/p>\n<p><strong>Weight. 75 grams (approx.)<\/strong><\/p>\n","protected":false},"featured_media":11258,"template":"","meta":[],"product_cat":[86],"product_tag":[],"yoast_head":"<!-- This site is optimized with the Yoast SEO plugin v17.4 - https:\/\/yoast.com\/wordpress\/plugins\/seo\/ -->\n<title>100% natural hand soap made in Mallorca - Es Saboner<\/title>\n<meta name=\"description\" content=\"Sab\u00f3 natural y artesanal d&#039;oli d&#039;oliva verge de Mallorca fet a Mallorca. Jab\u00f3n de manos natural con aceite de oliva de S\u00f3ller y hecho en Mallorca\" \/>\n<meta name=\"robots\" content=\"index, follow, max-snippet:-1, max-image-preview:large, max-video-preview:-1\" \/>\n<link rel=\"canonical\" href=\"https:\/\/essaboner.com\/en\/product\/100-natural-hand-soap-made-in-mallorca\/\" \/>\n<meta property=\"og:locale\" content=\"en_US\" \/>\n<meta property=\"og:type\" content=\"article\" \/>\n<meta property=\"og:title\" content=\"100% natural hand soap made in Mallorca - Es Saboner\" \/>\n<meta property=\"og:description\" content=\"Sab\u00f3 natural y artesanal d&#039;oli d&#039;oliva verge de Mallorca fet a Mallorca. Jab\u00f3n de manos natural con aceite de oliva de S\u00f3ller y hecho en Mallorca\" \/>\n<meta property=\"og:url\" content=\"https:\/\/essaboner.com\/en\/product\/100-natural-hand-soap-made-in-mallorca\/\" \/>\n<meta property=\"og:site_name\" content=\"Es Saboner\" \/>\n<meta property=\"article:modified_time\" content=\"2021-11-05T13:19:51+00:00\" \/>\n<meta property=\"og:image\" content=\"https:\/\/essaboner.com\/wp-content\/uploads\/2021\/02\/es-saboner-03.jpg\" \/>\n\t<meta property=\"og:image:width\" content=\"1400\" \/>\n\t<meta property=\"og:image:height\" content=\"1400\" \/>\n<meta name=\"twitter:card\" content=\"summary_large_image\" \/>\n<meta name=\"twitter:label1\" content=\"Est. reading time\" \/>\n\t<meta name=\"twitter:data1\" content=\"1 minute\" \/>\n<script type=\"application\/ld+json\" class=\"yoast-schema-graph\">{\"@context\":\"https:\/\/schema.org\",\"@graph\":[{\"@type\":\"WebSite\",\"@id\":\"https:\/\/essaboner.com\/#website\",\"url\":\"https:\/\/essaboner.com\/\",\"name\":\"Es Saboner\",\"description\":\"Productos de limpieza naturales\",\"potentialAction\":[{\"@type\":\"SearchAction\",\"target\":{\"@type\":\"EntryPoint\",\"urlTemplate\":\"https:\/\/essaboner.com\/?s={search_term_string}\"},\"query-input\":\"required name=search_term_string\"}],\"inLanguage\":\"en-US\"},{\"@type\":\"ImageObject\",\"@id\":\"https:\/\/essaboner.com\/en\/product\/100-natural-hand-soap-made-in-mallorca\/#primaryimage\",\"inLanguage\":\"en-US\",\"url\":\"https:\/\/essaboner.com\/wp-content\/uploads\/2021\/02\/es-saboner-03.jpg\",\"contentUrl\":\"https:\/\/essaboner.com\/wp-content\/uploads\/2021\/02\/es-saboner-03.jpg\",\"width\":1400,\"height\":1400,\"caption\":\"Pastilla de jab\\u00f3n de manos natural de Mallorca y envoltorio de papel\"},{\"@type\":\"WebPage\",\"@id\":\"https:\/\/essaboner.com\/en\/product\/100-natural-hand-soap-made-in-mallorca\/#webpage\",\"url\":\"https:\/\/essaboner.com\/en\/product\/100-natural-hand-soap-made-in-mallorca\/\",\"name\":\"100% natural hand soap made in Mallorca - Es Saboner\",\"isPartOf\":{\"@id\":\"https:\/\/essaboner.com\/#website\"},\"primaryImageOfPage\":{\"@id\":\"https:\/\/essaboner.com\/en\/product\/100-natural-hand-soap-made-in-mallorca\/#primaryimage\"},\"datePublished\":\"2021-02-03T10:40:42+00:00\",\"dateModified\":\"2021-11-05T13:19:51+00:00\",\"description\":\"Sab\\u00f3 natural y artesanal d'oli d'oliva verge de Mallorca fet a Mallorca. Jab\\u00f3n de manos natural con aceite de oliva de S\\u00f3ller y hecho en Mallorca\",\"breadcrumb\":{\"@id\":\"https:\/\/essaboner.com\/en\/product\/100-natural-hand-soap-made-in-mallorca\/#breadcrumb\"},\"inLanguage\":\"en-US\",\"potentialAction\":[{\"@type\":\"ReadAction\",\"target\":[\"https:\/\/essaboner.com\/en\/product\/100-natural-hand-soap-made-in-mallorca\/\"]}]},{\"@type\":\"BreadcrumbList\",\"@id\":\"https:\/\/essaboner.com\/en\/product\/100-natural-hand-soap-made-in-mallorca\/#breadcrumb\",\"itemListElement\":[{\"@type\":\"ListItem\",\"position\":1,\"name\":\"Portada\",\"item\":\"https:\/\/essaboner.com\/en\/\"},{\"@type\":\"ListItem\",\"position\":2,\"name\":\"Shop\",\"item\":\"https:\/\/essaboner.com\/en\/shop\/\"},{\"@type\":\"ListItem\",\"position\":3,\"name\":\"100% natural hand soap made in Mallorca\"}]}]}<\/script>\n<!-- \/ Yoast SEO plugin. -->","yoast_head_json":{"title":"100% natural hand soap made in Mallorca - Es Saboner","description":"Sab\u00f3 natural y artesanal d'oli d'oliva verge de Mallorca fet a Mallorca. Jab\u00f3n de manos natural con aceite de oliva de S\u00f3ller y hecho en Mallorca","robots":{"index":"index","follow":"follow","max-snippet":"max-snippet:-1","max-image-preview":"max-image-preview:large","max-video-preview":"max-video-preview:-1"},"canonical":"https:\/\/essaboner.com\/en\/product\/100-natural-hand-soap-made-in-mallorca\/","og_locale":"en_US","og_type":"article","og_title":"100% natural hand soap made in Mallorca - Es Saboner","og_description":"Sab\u00f3 natural y artesanal d'oli d'oliva verge de Mallorca fet a Mallorca. Jab\u00f3n de manos natural con aceite de oliva de S\u00f3ller y hecho en Mallorca","og_url":"https:\/\/essaboner.com\/en\/product\/100-natural-hand-soap-made-in-mallorca\/","og_site_name":"Es Saboner","article_modified_time":"2021-11-05T13:19:51+00:00","og_image":[{"width":1400,"height":1400,"url":"https:\/\/essaboner.com\/wp-content\/uploads\/2021\/02\/es-saboner-03.jpg","type":"image\/jpeg"}],"twitter_card":"summary_large_image","twitter_misc":{"Est. reading time":"1 minute"},"schema":{"@context":"https:\/\/schema.org","@graph":[{"@type":"WebSite","@id":"https:\/\/essaboner.com\/#website","url":"https:\/\/essaboner.com\/","name":"Es Saboner","description":"Productos de limpieza naturales","potentialAction":[{"@type":"SearchAction","target":{"@type":"EntryPoint","urlTemplate":"https:\/\/essaboner.com\/?s={search_term_string}"},"query-input":"required name=search_term_string"}],"inLanguage":"en-US"},{"@type":"ImageObject","@id":"https:\/\/essaboner.com\/en\/product\/100-natural-hand-soap-made-in-mallorca\/#primaryimage","inLanguage":"en-US","url":"https:\/\/essaboner.com\/wp-content\/uploads\/2021\/02\/es-saboner-03.jpg","contentUrl":"https:\/\/essaboner.com\/wp-content\/uploads\/2021\/02\/es-saboner-03.jpg","width":1400,"height":1400,"caption":"Pastilla de jab\u00f3n de manos natural de Mallorca y envoltorio de papel"},{"@type":"WebPage","@id":"https:\/\/essaboner.com\/en\/product\/100-natural-hand-soap-made-in-mallorca\/#webpage","url":"https:\/\/essaboner.com\/en\/product\/100-natural-hand-soap-made-in-mallorca\/","name":"100% natural hand soap made in Mallorca - Es Saboner","isPartOf":{"@id":"https:\/\/essaboner.com\/#website"},"primaryImageOfPage":{"@id":"https:\/\/essaboner.com\/en\/product\/100-natural-hand-soap-made-in-mallorca\/#primaryimage"},"datePublished":"2021-02-03T10:40:42+00:00","dateModified":"2021-11-05T13:19:51+00:00","description":"Sab\u00f3 natural y artesanal d'oli d'oliva verge de Mallorca fet a Mallorca. Jab\u00f3n de manos natural con aceite de oliva de S\u00f3ller y hecho en Mallorca","breadcrumb":{"@id":"https:\/\/essaboner.com\/en\/product\/100-natural-hand-soap-made-in-mallorca\/#breadcrumb"},"inLanguage":"en-US","potentialAction":[{"@type":"ReadAction","target":["https:\/\/essaboner.com\/en\/product\/100-natural-hand-soap-made-in-mallorca\/"]}]},{"@type":"BreadcrumbList","@id":"https:\/\/essaboner.com\/en\/product\/100-natural-hand-soap-made-in-mallorca\/#breadcrumb","itemListElement":[{"@type":"ListItem","position":1,"name":"Portada","item":"https:\/\/essaboner.com\/en\/"},{"@type":"ListItem","position":2,"name":"Shop","item":"https:\/\/essaboner.com\/en\/shop\/"},{"@type":"ListItem","position":3,"name":"100% natural hand soap made in Mallorca"}]}]}},"_links":{"self":[{"href":"https:\/\/essaboner.com\/en\/wp-json\/wp\/v2\/product\/11256"}],"collection":[{"href":"https:\/\/essaboner.com\/en\/wp-json\/wp\/v2\/product"}],"about":[{"href":"https:\/\/essaboner.com\/en\/wp-json\/wp\/v2\/types\/product"}],"version-history":[{"count":8,"href":"https:\/\/essaboner.com\/en\/wp-json\/wp\/v2\/product\/11256\/revisions"}],"predecessor-version":[{"id":11383,"href":"https:\/\/essaboner.com\/en\/wp-json\/wp\/v2\/product\/11256\/revisions\/11383"}],"wp:featuredmedia":[{"embeddable":true,"href":"https:\/\/essaboner.com\/en\/wp-json\/wp\/v2\/media\/11258"}],"wp:attachment":[{"href":"https:\/\/essaboner.com\/en\/wp-json\/wp\/v2\/media?parent=11256"}],"wp:term":[{"taxonomy":"product_cat","embeddable":true,"href":"https:\/\/essaboner.com\/en\/wp-json\/wp\/v2\/product_cat?post=11256"},{"taxonomy":"product_tag","embeddable":true,"href":"https:\/\/essaboner.com\/en\/wp-json\/wp\/v2\/product_tag?post=11256"}],"curies":[{"name":"wp","href":"https:\/\/api.w.org\/{rel}","templated":true}]}}