{"id":11246,"date":"2021-06-04T20:54:39","date_gmt":"2021-06-04T20:54:39","guid":{"rendered":"https:\/\/essaboner.com\/product\/jabon-natural-y-artesanal-de-aceite-de-oliva-y-naranja-hecho-en-mallorca-2\/"},"modified":"2021-11-05T12:51:56","modified_gmt":"2021-11-05T12:51:56","slug":"natural-and-handmade-olive-oil-and-orange-soap-made-in-mallorca","status":"publish","type":"product","link":"https:\/\/essaboner.com\/en\/product\/natural-and-handmade-olive-oil-and-orange-soap-made-in-mallorca\/","title":{"rendered":"Natural and handmade olive oil and orange soap made in Mallorca"},"content":{"rendered":"\t\t<div data-elementor-type=\"wp-post\" data-elementor-id=\"11246\" class=\"elementor elementor-11246 elementor-8990\" data-elementor-settings=\"[]\">\n\t\t\t\t\t\t<div class=\"elementor-inner\">\n\t\t\t\t\t\t\t<div class=\"elementor-section-wrap\">\n\t\t\t\t\t\t\t<section class=\"elementor-section elementor-top-section elementor-element elementor-element-1de2620 elementor-section-content-top elementor-section-boxed elementor-section-height-default elementor-section-height-default wd-section-disabled\" data-id=\"1de2620\" data-element_type=\"section\">\n\t\t\t\t\t\t<div class=\"elementor-container elementor-column-gap-default\">\n\t\t\t\t\t\t\t<div class=\"elementor-row\">\n\t\t\t\t\t<div class=\"elementor-column elementor-col-100 elementor-top-column elementor-element elementor-element-9ac83f1\" data-id=\"9ac83f1\" data-element_type=\"column\">\n\t\t\t<div class=\"elementor-column-wrap elementor-element-populated\">\n\t\t\t\t\t\t\t<div class=\"elementor-widget-wrap\">\n\t\t\t\t\t\t<div class=\"elementor-element elementor-element-a0531c4 elementor-widget elementor-widget-eael-adv-tabs\" data-id=\"a0531c4\" data-element_type=\"widget\" data-widget_type=\"eael-adv-tabs.default\">\n\t\t\t\t<div class=\"elementor-widget-container\">\n\t\t\t        <div id=\"eael-advance-tabs-a0531c4\" class=\"eael-advance-tabs eael-tabs-horizontal\" data-tabid=\"a0531c4\">\n            <div class=\"eael-tabs-nav\">\n                <ul class=\"\">\n                                            <li id=\"more-information\" class=\"inactive\">\n                            \n                            \n                            \n                                                            <span class=\"eael-tab-title title-after-icon\">More Information<\/span>\n                                                    <\/li>\n                                            <li id=\"precautions-for-use-and-advice\" class=\"inactive\">\n                            \n                            \n                            \n                                                            <span class=\"eael-tab-title title-after-icon\">Precautions for use and advice<\/span>\n                                                    <\/li>\n                                            <li id=\"ingredients\" class=\"inactive\">\n                            \n                            \n                            \n                                                            <span class=\"eael-tab-title title-after-icon\">Ingredients<\/span>\n                                                    <\/li>\n                                            <li id=\"inci-ingredients-\" class=\"inactive\">\n                            \n                            \n                            \n                                                            <span class=\"eael-tab-title title-after-icon\">INCI Ingredients <\/span>\n                                                    <\/li>\n                                    <\/ul>\n            <\/div>\n            <div class=\"eael-tabs-content\">\n\t\t        \n                    <div id=\"more-information-tab\" class=\"clearfix eael-tab-content-item inactive\" data-title-link=\"more-information\">\n\t\t\t\t        \t\t\t\t\t        <p>Entirely handmade in S\u00f3ller, Mallorca, by cold saponification.<br \/>NATURAL Certification issued by ACENE.<br \/>100% natural and vegan.<br \/>Free from: parabens, EDTA, artificial colorants, preservatives, foaming agents, synthetic perfumes, sulphates and palm oil.<\/p>\t\t\t\t                            <\/div>\n\t\t        \n                    <div id=\"precautions-for-use-and-advice-tab\" class=\"clearfix eael-tab-content-item inactive\" data-title-link=\"precautions-for-use-and-advice\">\n\t\t\t\t        \t\t\t\t\t        <p>For body and face.<br \/>After use, leave the soap on its side for optimal drying.<br \/>Store in a cool, dry place.<\/p>\t\t\t\t                            <\/div>\n\t\t        \n                    <div id=\"ingredients-tab\" class=\"clearfix eael-tab-content-item inactive\" data-title-link=\"ingredients\">\n\t\t\t\t        \t\t\t\t\t        <p>Saponified olive oil, saponified coconut oil, water, glycerine, virgin olive oil, orange clay, organic virgin coconut oil, organic orange essential oil, organic lemongrass essential oil, organic petitgrain bigaradier essential oil, citral*, geraniol*, limonene*, linalool*(*substances naturally present in essential oils).<\/p>\t\t\t\t                            <\/div>\n\t\t        \n                    <div id=\"inci-ingredients--tab\" class=\"clearfix eael-tab-content-item inactive\" data-title-link=\"inci-ingredients-\">\n\t\t\t\t        \t\t\t\t\t        <p>Sodium Olivate, Sodium Cocoate, Aqua, Glycerin, Olea Europaea Fruit Oil, Illite, Cocos Nucifera Oil, Citrus Sinensis Peel Oil Expressed, Cymbopogon Citratus Leaf Oil, Citrus Aurantium Leaf Oil, Citral, Geraniol, Limonene, Linalool<\/p>\t\t\t\t                            <\/div>\n\t\t                    <\/div>\n        <\/div>\n\t\t<\/div>\n\t\t\t\t<\/div>\n\t\t\t\t\t\t<\/div>\n\t\t\t\t\t<\/div>\n\t\t<\/div>\n\t\t\t\t\t\t\t\t<\/div>\n\t\t\t\t\t<\/div>\n\t\t<\/section>\n\t\t\t\t\t\t<\/div>\n\t\t\t\t\t\t<\/div>\n\t\t\t\t\t<\/div>\n\t\t","protected":false},"excerpt":{"rendered":"<p>Natural and handmade olive oil and orange soap made in Mallorca.<br \/>\n100% natural and handmade soap made in Mallorca.<br \/>\nWith olive oil produced in S\u00f3ller and organic virgin orange essential oil.<br \/>\nFor face and body.<\/p>\n<p>90 g.<\/p>\n","protected":false},"featured_media":11247,"template":"","meta":[],"product_cat":[86],"product_tag":[],"yoast_head":"<!-- This site is optimized with the Yoast SEO plugin v17.4 - https:\/\/yoast.com\/wordpress\/plugins\/seo\/ -->\n<title>Natural and handmade olive oil and orange soap made in Mallorca - Es Saboner<\/title>\n<meta name=\"description\" content=\"Jab\u00f3n 100% natural y artesanal hecho en Mallorca. Con aceite de oliva virgen producido en S\u00f3ller y aceite esencial ec\u00f3logico de naranja.\" \/>\n<meta name=\"robots\" content=\"index, follow, max-snippet:-1, max-image-preview:large, max-video-preview:-1\" \/>\n<link rel=\"canonical\" href=\"https:\/\/essaboner.com\/en\/product\/natural-and-handmade-olive-oil-and-orange-soap-made-in-mallorca\/\" \/>\n<meta property=\"og:locale\" content=\"en_US\" \/>\n<meta property=\"og:type\" content=\"article\" \/>\n<meta property=\"og:title\" content=\"Natural and handmade olive oil and orange soap made in Mallorca - Es Saboner\" \/>\n<meta property=\"og:description\" content=\"Jab\u00f3n 100% natural y artesanal hecho en Mallorca. Con aceite de oliva virgen producido en S\u00f3ller y aceite esencial ec\u00f3logico de naranja.\" \/>\n<meta property=\"og:url\" content=\"https:\/\/essaboner.com\/en\/product\/natural-and-handmade-olive-oil-and-orange-soap-made-in-mallorca\/\" \/>\n<meta property=\"og:site_name\" content=\"Es Saboner\" \/>\n<meta property=\"article:modified_time\" content=\"2021-11-05T12:51:56+00:00\" \/>\n<meta property=\"og:image\" content=\"https:\/\/essaboner.com\/wp-content\/uploads\/2021\/06\/NARANJA-ORANGE-scaled.jpg\" \/>\n\t<meta property=\"og:image:width\" content=\"2560\" \/>\n\t<meta property=\"og:image:height\" content=\"1707\" \/>\n<meta name=\"twitter:card\" content=\"summary_large_image\" \/>\n<meta name=\"twitter:label1\" content=\"Est. reading time\" \/>\n\t<meta name=\"twitter:data1\" content=\"1 minute\" \/>\n<script type=\"application\/ld+json\" class=\"yoast-schema-graph\">{\"@context\":\"https:\/\/schema.org\",\"@graph\":[{\"@type\":\"WebSite\",\"@id\":\"https:\/\/essaboner.com\/#website\",\"url\":\"https:\/\/essaboner.com\/\",\"name\":\"Es Saboner\",\"description\":\"Productos de limpieza naturales\",\"potentialAction\":[{\"@type\":\"SearchAction\",\"target\":{\"@type\":\"EntryPoint\",\"urlTemplate\":\"https:\/\/essaboner.com\/?s={search_term_string}\"},\"query-input\":\"required name=search_term_string\"}],\"inLanguage\":\"en-US\"},{\"@type\":\"ImageObject\",\"@id\":\"https:\/\/essaboner.com\/en\/product\/natural-and-handmade-olive-oil-and-orange-soap-made-in-mallorca\/#primaryimage\",\"inLanguage\":\"en-US\",\"url\":\"https:\/\/essaboner.com\/wp-content\/uploads\/2021\/06\/NARANJA-ORANGE-scaled.jpg\",\"contentUrl\":\"https:\/\/essaboner.com\/wp-content\/uploads\/2021\/06\/NARANJA-ORANGE-scaled.jpg\",\"width\":2560,\"height\":1707,\"caption\":\"bodeg\\u00f3n naranjas y pastillas de jab\\u00f3n natural y artesanal de mallorca\"},{\"@type\":\"WebPage\",\"@id\":\"https:\/\/essaboner.com\/en\/product\/natural-and-handmade-olive-oil-and-orange-soap-made-in-mallorca\/#webpage\",\"url\":\"https:\/\/essaboner.com\/en\/product\/natural-and-handmade-olive-oil-and-orange-soap-made-in-mallorca\/\",\"name\":\"Natural and handmade olive oil and orange soap made in Mallorca - Es Saboner\",\"isPartOf\":{\"@id\":\"https:\/\/essaboner.com\/#website\"},\"primaryImageOfPage\":{\"@id\":\"https:\/\/essaboner.com\/en\/product\/natural-and-handmade-olive-oil-and-orange-soap-made-in-mallorca\/#primaryimage\"},\"datePublished\":\"2021-06-04T20:54:39+00:00\",\"dateModified\":\"2021-11-05T12:51:56+00:00\",\"description\":\"Jab\\u00f3n 100% natural y artesanal hecho en Mallorca. Con aceite de oliva virgen producido en S\\u00f3ller y aceite esencial ec\\u00f3logico de naranja.\",\"breadcrumb\":{\"@id\":\"https:\/\/essaboner.com\/en\/product\/natural-and-handmade-olive-oil-and-orange-soap-made-in-mallorca\/#breadcrumb\"},\"inLanguage\":\"en-US\",\"potentialAction\":[{\"@type\":\"ReadAction\",\"target\":[\"https:\/\/essaboner.com\/en\/product\/natural-and-handmade-olive-oil-and-orange-soap-made-in-mallorca\/\"]}]},{\"@type\":\"BreadcrumbList\",\"@id\":\"https:\/\/essaboner.com\/en\/product\/natural-and-handmade-olive-oil-and-orange-soap-made-in-mallorca\/#breadcrumb\",\"itemListElement\":[{\"@type\":\"ListItem\",\"position\":1,\"name\":\"Portada\",\"item\":\"https:\/\/essaboner.com\/en\/\"},{\"@type\":\"ListItem\",\"position\":2,\"name\":\"Shop\",\"item\":\"https:\/\/essaboner.com\/en\/shop\/\"},{\"@type\":\"ListItem\",\"position\":3,\"name\":\"Natural and handmade olive oil and orange soap made in Mallorca\"}]}]}<\/script>\n<!-- \/ Yoast SEO plugin. -->","yoast_head_json":{"title":"Natural and handmade olive oil and orange soap made in Mallorca - Es Saboner","description":"Jab\u00f3n 100% natural y artesanal hecho en Mallorca. Con aceite de oliva virgen producido en S\u00f3ller y aceite esencial ec\u00f3logico de naranja.","robots":{"index":"index","follow":"follow","max-snippet":"max-snippet:-1","max-image-preview":"max-image-preview:large","max-video-preview":"max-video-preview:-1"},"canonical":"https:\/\/essaboner.com\/en\/product\/natural-and-handmade-olive-oil-and-orange-soap-made-in-mallorca\/","og_locale":"en_US","og_type":"article","og_title":"Natural and handmade olive oil and orange soap made in Mallorca - Es Saboner","og_description":"Jab\u00f3n 100% natural y artesanal hecho en Mallorca. Con aceite de oliva virgen producido en S\u00f3ller y aceite esencial ec\u00f3logico de naranja.","og_url":"https:\/\/essaboner.com\/en\/product\/natural-and-handmade-olive-oil-and-orange-soap-made-in-mallorca\/","og_site_name":"Es Saboner","article_modified_time":"2021-11-05T12:51:56+00:00","og_image":[{"width":2560,"height":1707,"url":"https:\/\/essaboner.com\/wp-content\/uploads\/2021\/06\/NARANJA-ORANGE-scaled.jpg","type":"image\/jpeg"}],"twitter_card":"summary_large_image","twitter_misc":{"Est. reading time":"1 minute"},"schema":{"@context":"https:\/\/schema.org","@graph":[{"@type":"WebSite","@id":"https:\/\/essaboner.com\/#website","url":"https:\/\/essaboner.com\/","name":"Es Saboner","description":"Productos de limpieza naturales","potentialAction":[{"@type":"SearchAction","target":{"@type":"EntryPoint","urlTemplate":"https:\/\/essaboner.com\/?s={search_term_string}"},"query-input":"required name=search_term_string"}],"inLanguage":"en-US"},{"@type":"ImageObject","@id":"https:\/\/essaboner.com\/en\/product\/natural-and-handmade-olive-oil-and-orange-soap-made-in-mallorca\/#primaryimage","inLanguage":"en-US","url":"https:\/\/essaboner.com\/wp-content\/uploads\/2021\/06\/NARANJA-ORANGE-scaled.jpg","contentUrl":"https:\/\/essaboner.com\/wp-content\/uploads\/2021\/06\/NARANJA-ORANGE-scaled.jpg","width":2560,"height":1707,"caption":"bodeg\u00f3n naranjas y pastillas de jab\u00f3n natural y artesanal de mallorca"},{"@type":"WebPage","@id":"https:\/\/essaboner.com\/en\/product\/natural-and-handmade-olive-oil-and-orange-soap-made-in-mallorca\/#webpage","url":"https:\/\/essaboner.com\/en\/product\/natural-and-handmade-olive-oil-and-orange-soap-made-in-mallorca\/","name":"Natural and handmade olive oil and orange soap made in Mallorca - Es Saboner","isPartOf":{"@id":"https:\/\/essaboner.com\/#website"},"primaryImageOfPage":{"@id":"https:\/\/essaboner.com\/en\/product\/natural-and-handmade-olive-oil-and-orange-soap-made-in-mallorca\/#primaryimage"},"datePublished":"2021-06-04T20:54:39+00:00","dateModified":"2021-11-05T12:51:56+00:00","description":"Jab\u00f3n 100% natural y artesanal hecho en Mallorca. Con aceite de oliva virgen producido en S\u00f3ller y aceite esencial ec\u00f3logico de naranja.","breadcrumb":{"@id":"https:\/\/essaboner.com\/en\/product\/natural-and-handmade-olive-oil-and-orange-soap-made-in-mallorca\/#breadcrumb"},"inLanguage":"en-US","potentialAction":[{"@type":"ReadAction","target":["https:\/\/essaboner.com\/en\/product\/natural-and-handmade-olive-oil-and-orange-soap-made-in-mallorca\/"]}]},{"@type":"BreadcrumbList","@id":"https:\/\/essaboner.com\/en\/product\/natural-and-handmade-olive-oil-and-orange-soap-made-in-mallorca\/#breadcrumb","itemListElement":[{"@type":"ListItem","position":1,"name":"Portada","item":"https:\/\/essaboner.com\/en\/"},{"@type":"ListItem","position":2,"name":"Shop","item":"https:\/\/essaboner.com\/en\/shop\/"},{"@type":"ListItem","position":3,"name":"Natural and handmade olive oil and orange soap made in Mallorca"}]}]}},"_links":{"self":[{"href":"https:\/\/essaboner.com\/en\/wp-json\/wp\/v2\/product\/11246"}],"collection":[{"href":"https:\/\/essaboner.com\/en\/wp-json\/wp\/v2\/product"}],"about":[{"href":"https:\/\/essaboner.com\/en\/wp-json\/wp\/v2\/types\/product"}],"version-history":[{"count":10,"href":"https:\/\/essaboner.com\/en\/wp-json\/wp\/v2\/product\/11246\/revisions"}],"predecessor-version":[{"id":11626,"href":"https:\/\/essaboner.com\/en\/wp-json\/wp\/v2\/product\/11246\/revisions\/11626"}],"wp:featuredmedia":[{"embeddable":true,"href":"https:\/\/essaboner.com\/en\/wp-json\/wp\/v2\/media\/11247"}],"wp:attachment":[{"href":"https:\/\/essaboner.com\/en\/wp-json\/wp\/v2\/media?parent=11246"}],"wp:term":[{"taxonomy":"product_cat","embeddable":true,"href":"https:\/\/essaboner.com\/en\/wp-json\/wp\/v2\/product_cat?post=11246"},{"taxonomy":"product_tag","embeddable":true,"href":"https:\/\/essaboner.com\/en\/wp-json\/wp\/v2\/product_tag?post=11246"}],"curies":[{"name":"wp","href":"https:\/\/api.w.org\/{rel}","templated":true}]}}