{"id":11091,"date":"2020-07-31T10:47:24","date_gmt":"2020-07-31T10:47:24","guid":{"rendered":"https:\/\/essaboner.com\/puntos-de-venta\/"},"modified":"2021-11-05T12:28:48","modified_gmt":"2021-11-05T12:28:48","slug":"puntos-de-venta","status":"publish","type":"page","link":"https:\/\/essaboner.com\/en\/puntos-de-venta\/","title":{"rendered":"Where to buy"},"content":{"rendered":"\t\t<div data-elementor-type=\"wp-page\" data-elementor-id=\"11091\" class=\"elementor elementor-11091 elementor-8205\" data-elementor-settings=\"[]\">\n\t\t\t\t\t\t<div class=\"elementor-inner\">\n\t\t\t\t\t\t\t<div class=\"elementor-section-wrap\">\n\t\t\t\t\t\t\t<section class=\"elementor-section elementor-top-section elementor-element elementor-element-9817348 wd-section-stretch elementor-section-boxed elementor-section-height-default elementor-section-height-default\" data-id=\"9817348\" data-element_type=\"section\" data-settings=\"{&quot;background_background&quot;:&quot;classic&quot;}\">\n\t\t\t\t\t\t\t<div class=\"elementor-background-overlay\"><\/div>\n\t\t\t\t\t\t\t<div class=\"elementor-container elementor-column-gap-no\">\n\t\t\t\t\t\t\t<div class=\"elementor-row\">\n\t\t\t\t\t<div class=\"elementor-column elementor-col-100 elementor-top-column elementor-element elementor-element-4499090\" data-id=\"4499090\" data-element_type=\"column\">\n\t\t\t<div class=\"elementor-column-wrap elementor-element-populated\">\n\t\t\t\t\t\t\t<div class=\"elementor-widget-wrap\">\n\t\t\t\t\t\t<div class=\"elementor-element elementor-element-82e0bbf color-scheme-light text-center elementor-widget__width-auto elementor-hidden-tablet elementor-hidden-phone elementor-widget elementor-widget-text-editor\" data-id=\"82e0bbf\" data-element_type=\"widget\" data-widget_type=\"text-editor.default\">\n\t\t\t\t<div class=\"elementor-widget-container\">\n\t\t\t\t\t\t\t\t<div class=\"elementor-text-editor elementor-clearfix\">\n\t\t\t\t<p>WHERE TO BUY<\/p>\t\t\t\t\t<\/div>\n\t\t\t\t\t\t<\/div>\n\t\t\t\t<\/div>\n\t\t\t\t<div class=\"elementor-element elementor-element-392279 elementor-widget elementor-widget-wd_title\" data-id=\"392279\" data-element_type=\"widget\" data-widget_type=\"wd_title.default\">\n\t\t\t\t<div class=\"elementor-widget-container\">\n\t\t\t\t\t<div class=\"title-wrapper set-mb-s reset-last-child wd-title-color-white wd-title-style-default wd-title-size-extra-large text-center\">\n\n\t\t\t\n\t\t\t<div class=\"liner-continer\">\n\t\t\t\t<h4 class=\"woodmart-title-container title wd-fontsize-xxxl\">Where can you find our products?<\/h4> \n\t\t\t\t\t\t\t<\/div>\n\n\t\t\t\t\t<\/div>\n\t\t\t\t<\/div>\n\t\t\t\t<\/div>\n\t\t\t\t\t\t<\/div>\n\t\t\t\t\t<\/div>\n\t\t<\/div>\n\t\t\t\t\t\t\t\t<\/div>\n\t\t\t\t\t<\/div>\n\t\t<\/section>\n\t\t\t\t<section class=\"elementor-section elementor-top-section elementor-element elementor-element-7514471 wd-section-stretch elementor-section-boxed elementor-section-height-default elementor-section-height-default\" data-id=\"7514471\" data-element_type=\"section\" id=\"puntosdeventa\" data-settings=\"{&quot;background_background&quot;:&quot;classic&quot;}\">\n\t\t\t\t\t\t<div class=\"elementor-container elementor-column-gap-default\">\n\t\t\t\t\t\t\t<div class=\"elementor-row\">\n\t\t\t\t\t<div class=\"elementor-column elementor-col-100 elementor-top-column elementor-element elementor-element-2961331\" data-id=\"2961331\" data-element_type=\"column\">\n\t\t\t<div class=\"elementor-column-wrap elementor-element-populated\">\n\t\t\t\t\t\t\t<div class=\"elementor-widget-wrap\">\n\t\t\t\t\t\t<section class=\"elementor-section elementor-inner-section elementor-element elementor-element-a5de5d6 elementor-section-boxed elementor-section-height-default elementor-section-height-default wd-section-disabled\" data-id=\"a5de5d6\" data-element_type=\"section\">\n\t\t\t\t\t\t<div class=\"elementor-container elementor-column-gap-extended\">\n\t\t\t\t\t\t\t<div class=\"elementor-row\">\n\t\t\t\t\t<div class=\"elementor-column elementor-col-33 elementor-inner-column elementor-element elementor-element-7913ba3\" data-id=\"7913ba3\" data-element_type=\"column\">\n\t\t\t<div class=\"elementor-column-wrap elementor-element-populated\">\n\t\t\t\t\t\t\t<div class=\"elementor-widget-wrap\">\n\t\t\t\t\t\t<div class=\"elementor-element elementor-element-57f4f24 elementor-widget elementor-widget-heading\" data-id=\"57f4f24\" data-element_type=\"widget\" data-widget_type=\"heading.default\">\n\t\t\t\t<div class=\"elementor-widget-container\">\n\t\t\t<h2 class=\"elementor-heading-title elementor-size-default\">S\u00f3ller market - direct sale<\/h2>\t\t<\/div>\n\t\t\t\t<\/div>\n\t\t\t\t<div class=\"elementor-element elementor-element-215e99f color-scheme-inherit text-left elementor-widget elementor-widget-text-editor\" data-id=\"215e99f\" data-element_type=\"widget\" data-widget_type=\"text-editor.default\">\n\t\t\t\t<div class=\"elementor-widget-container\">\n\t\t\t\t\t\t\t\t<div class=\"elementor-text-editor elementor-clearfix\">\n\t\t\t\t<p>Direct sale every Saturday all year round and on Sundays from April to November &#8211; from 9 am to 2 pm &#8211; in front of the church.<\/p><p>Pla\u00e7a de sa Constituci\u00f3 &#8211; 07100 S\u00f3ller<br \/>Tel (00 34) 654 918 348<\/p>\t\t\t\t\t<\/div>\n\t\t\t\t\t\t<\/div>\n\t\t\t\t<\/div>\n\t\t\t\t\t\t<\/div>\n\t\t\t\t\t<\/div>\n\t\t<\/div>\n\t\t\t\t<div class=\"elementor-column elementor-col-33 elementor-inner-column elementor-element elementor-element-9efe1c8\" data-id=\"9efe1c8\" data-element_type=\"column\">\n\t\t\t<div class=\"elementor-column-wrap elementor-element-populated\">\n\t\t\t\t\t\t\t<div class=\"elementor-widget-wrap\">\n\t\t\t\t\t\t<div class=\"elementor-element elementor-element-b027743 elementor-widget elementor-widget-heading\" data-id=\"b027743\" data-element_type=\"widget\" data-widget_type=\"heading.default\">\n\t\t\t\t<div class=\"elementor-widget-container\">\n\t\t\t<h2 class=\"elementor-heading-title elementor-size-default\">Market of Port de S\u00f3ller - direct sale<\/h2>\t\t<\/div>\n\t\t\t\t<\/div>\n\t\t\t\t<div class=\"elementor-element elementor-element-8269af0 color-scheme-inherit text-left elementor-widget elementor-widget-text-editor\" data-id=\"8269af0\" data-element_type=\"widget\" data-widget_type=\"text-editor.default\">\n\t\t\t\t<div class=\"elementor-widget-container\">\n\t\t\t\t\t\t\t\t<div class=\"elementor-text-editor elementor-clearfix\">\n\t\t\t\t<p>Direct sale every Thursday from March until October &#8211; from 9 am to 2 pm &#8211; next to the taxi rank.<\/p><p>Carrer d&#8217;Antoni Montis\u00a0&#8211; 07100 Port de S\u00f3ller<br \/>Tel (00 34) 654 918 348<\/p>\t\t\t\t\t<\/div>\n\t\t\t\t\t\t<\/div>\n\t\t\t\t<\/div>\n\t\t\t\t\t\t<\/div>\n\t\t\t\t\t<\/div>\n\t\t<\/div>\n\t\t\t\t<div class=\"elementor-column elementor-col-33 elementor-inner-column elementor-element elementor-element-45217a2\" data-id=\"45217a2\" data-element_type=\"column\">\n\t\t\t<div class=\"elementor-column-wrap elementor-element-populated\">\n\t\t\t\t\t\t\t<div class=\"elementor-widget-wrap\">\n\t\t\t\t\t\t<div class=\"elementor-element elementor-element-2304140 elementor-widget elementor-widget-heading\" data-id=\"2304140\" data-element_type=\"widget\" data-widget_type=\"heading.default\">\n\t\t\t\t<div class=\"elementor-widget-container\">\n\t\t\t<h2 class=\"elementor-heading-title elementor-size-default\">Workshop in S\u00f3ller - direct sales<\/h2>\t\t<\/div>\n\t\t\t\t<\/div>\n\t\t\t\t<div class=\"elementor-element elementor-element-dd8fa29 color-scheme-inherit text-left elementor-widget elementor-widget-text-editor\" data-id=\"dd8fa29\" data-element_type=\"widget\" data-widget_type=\"text-editor.default\">\n\t\t\t\t<div class=\"elementor-widget-container\">\n\t\t\t\t\t\t\t\t<div class=\"elementor-text-editor elementor-clearfix\">\n\t\t\t\t<p>Direct sales every day by appointment.<\/p><p>Avinguda d&#8217;Asturies, 28 &#8211; 07100 S\u00f3ller<br \/>Tel (00 34) 654\u00a0918\u00a0348<\/p>\t\t\t\t\t<\/div>\n\t\t\t\t\t\t<\/div>\n\t\t\t\t<\/div>\n\t\t\t\t\t\t<\/div>\n\t\t\t\t\t<\/div>\n\t\t<\/div>\n\t\t\t\t\t\t\t\t<\/div>\n\t\t\t\t\t<\/div>\n\t\t<\/section>\n\t\t\t\t\t\t<\/div>\n\t\t\t\t\t<\/div>\n\t\t<\/div>\n\t\t\t\t\t\t\t\t<\/div>\n\t\t\t\t\t<\/div>\n\t\t<\/section>\n\t\t\t\t<section class=\"elementor-section elementor-top-section elementor-element elementor-element-c5db0fa wd-section-stretch elementor-section-content-middle elementor-section-height-min-height elementor-section-boxed elementor-section-height-default elementor-section-items-middle\" data-id=\"c5db0fa\" data-element_type=\"section\" data-settings=\"{&quot;background_background&quot;:&quot;classic&quot;}\">\n\t\t\t\t\t\t\t<div class=\"elementor-background-overlay\"><\/div>\n\t\t\t\t\t\t\t<div class=\"elementor-container elementor-column-gap-default\">\n\t\t\t\t\t\t\t<div class=\"elementor-row\">\n\t\t\t\t\t<div class=\"elementor-column elementor-col-33 elementor-top-column elementor-element elementor-element-5221412 color-scheme-light\" data-id=\"5221412\" data-element_type=\"column\" data-settings=\"{&quot;background_background&quot;:&quot;classic&quot;}\">\n\t\t\t<div class=\"elementor-column-wrap elementor-element-populated\">\n\t\t\t\t\t\t\t<div class=\"elementor-widget-wrap\">\n\t\t\t\t\t\t<div class=\"elementor-element elementor-element-feca6ad elementor-widget elementor-widget-spacer\" data-id=\"feca6ad\" data-element_type=\"widget\" data-widget_type=\"spacer.default\">\n\t\t\t\t<div class=\"elementor-widget-container\">\n\t\t\t\t\t<div class=\"elementor-spacer\">\n\t\t\t<div class=\"elementor-spacer-inner\"><\/div>\n\t\t<\/div>\n\t\t\t\t<\/div>\n\t\t\t\t<\/div>\n\t\t\t\t\t\t<\/div>\n\t\t\t\t\t<\/div>\n\t\t<\/div>\n\t\t\t\t<div class=\"elementor-column elementor-col-33 elementor-top-column elementor-element elementor-element-77549fb color-scheme-light\" data-id=\"77549fb\" data-element_type=\"column\" data-settings=\"{&quot;background_background&quot;:&quot;classic&quot;}\">\n\t\t\t<div class=\"elementor-column-wrap elementor-element-populated\">\n\t\t\t\t\t\t\t<div class=\"elementor-widget-wrap\">\n\t\t\t\t\t\t<div class=\"elementor-element elementor-element-878f421 elementor-widget elementor-widget-image\" data-id=\"878f421\" data-element_type=\"widget\" data-widget_type=\"image.default\">\n\t\t\t\t<div class=\"elementor-widget-container\">\n\t\t\t\t\t\t\t\t<div class=\"elementor-image\">\n\t\t\t\t\t\t\t\t\t\t\t\t<img width=\"271\" height=\"37\" src=\"https:\/\/essaboner.com\/wp-content\/uploads\/2021\/02\/forma-top.png\" class=\"attachment-large size-large\" alt=\"\" loading=\"lazy\" srcset=\"https:\/\/essaboner.com\/wp-content\/uploads\/2021\/02\/forma-top.png 271w, https:\/\/essaboner.com\/wp-content\/uploads\/2021\/02\/forma-top-150x20.png 150w\" sizes=\"(max-width: 271px) 100vw, 271px\" \/>\t\t\t\t\t\t\t\t\t\t\t\t\t\t<\/div>\n\t\t\t\t\t\t<\/div>\n\t\t\t\t<\/div>\n\t\t\t\t<div class=\"elementor-element elementor-element-194ba5d elementor-widget elementor-widget-heading\" data-id=\"194ba5d\" data-element_type=\"widget\" data-widget_type=\"heading.default\">\n\t\t\t\t<div class=\"elementor-widget-container\">\n\t\t\t<h2 class=\"elementor-heading-title elementor-size-default\">DO YOU WANT TO SELL<br>JAB\u00d3N DE MALLORCA?<\/h2>\t\t<\/div>\n\t\t\t\t<\/div>\n\t\t\t\t<div class=\"elementor-element elementor-element-3921454 color-scheme-inherit text-left elementor-widget elementor-widget-text-editor\" data-id=\"3921454\" data-element_type=\"widget\" data-widget_type=\"text-editor.default\">\n\t\t\t\t<div class=\"elementor-widget-container\">\n\t\t\t\t\t\t\t\t<div class=\"elementor-text-editor elementor-clearfix\">\n\t\t\t\t<p>Please contact us and we will get in touch to arrange a visit.<\/p>\t\t\t\t\t<\/div>\n\t\t\t\t\t\t<\/div>\n\t\t\t\t<\/div>\n\t\t\t\t<div class=\"elementor-element elementor-element-34415c2 elementor-align-center elementor-widget elementor-widget-button\" data-id=\"34415c2\" data-element_type=\"widget\" data-widget_type=\"button.default\">\n\t\t\t\t<div class=\"elementor-widget-container\">\n\t\t\t\t\t<div class=\"elementor-button-wrapper\">\n\t\t\t<a href=\"http:\/\/essaboner.com\/en\/contact\/\" class=\"elementor-button-link elementor-button elementor-size-sm\" role=\"button\">\n\t\t\t\t\t\t<span class=\"elementor-button-content-wrapper\">\n\t\t\t\t\t\t<span class=\"elementor-button-text\">CONTACT JAB\u00d3N DE MALLORCA<\/span>\n\t\t<\/span>\n\t\t\t\t\t<\/a>\n\t\t<\/div>\n\t\t\t\t<\/div>\n\t\t\t\t<\/div>\n\t\t\t\t<div class=\"elementor-element elementor-element-c762c39 elementor-widget elementor-widget-image\" data-id=\"c762c39\" data-element_type=\"widget\" data-widget_type=\"image.default\">\n\t\t\t\t<div class=\"elementor-widget-container\">\n\t\t\t\t\t\t\t\t<div class=\"elementor-image\">\n\t\t\t\t\t\t\t\t\t\t\t\t<img width=\"271\" height=\"37\" src=\"https:\/\/essaboner.com\/wp-content\/uploads\/2021\/02\/forma-bottom.png\" class=\"attachment-large size-large\" alt=\"\" loading=\"lazy\" srcset=\"https:\/\/essaboner.com\/wp-content\/uploads\/2021\/02\/forma-bottom.png 271w, https:\/\/essaboner.com\/wp-content\/uploads\/2021\/02\/forma-bottom-150x20.png 150w\" sizes=\"(max-width: 271px) 100vw, 271px\" \/>\t\t\t\t\t\t\t\t\t\t\t\t\t\t<\/div>\n\t\t\t\t\t\t<\/div>\n\t\t\t\t<\/div>\n\t\t\t\t\t\t<\/div>\n\t\t\t\t\t<\/div>\n\t\t<\/div>\n\t\t\t\t<div class=\"elementor-column elementor-col-33 elementor-top-column elementor-element elementor-element-d2e3dd2 color-scheme-light\" data-id=\"d2e3dd2\" data-element_type=\"column\" data-settings=\"{&quot;background_background&quot;:&quot;classic&quot;}\">\n\t\t\t<div class=\"elementor-column-wrap elementor-element-populated\">\n\t\t\t\t\t\t\t<div class=\"elementor-widget-wrap\">\n\t\t\t\t\t\t<div class=\"elementor-element elementor-element-cff5032 elementor-widget elementor-widget-spacer\" data-id=\"cff5032\" data-element_type=\"widget\" data-widget_type=\"spacer.default\">\n\t\t\t\t<div class=\"elementor-widget-container\">\n\t\t\t\t\t<div class=\"elementor-spacer\">\n\t\t\t<div class=\"elementor-spacer-inner\"><\/div>\n\t\t<\/div>\n\t\t\t\t<\/div>\n\t\t\t\t<\/div>\n\t\t\t\t\t\t<\/div>\n\t\t\t\t\t<\/div>\n\t\t<\/div>\n\t\t\t\t\t\t\t\t<\/div>\n\t\t\t\t\t<\/div>\n\t\t<\/section>\n\t\t\t\t\t\t<\/div>\n\t\t\t\t\t\t<\/div>\n\t\t\t\t\t<\/div>\n\t\t","protected":false},"excerpt":{"rendered":"<p>WHERE TO BUY Where can you find our products? S\u00f3ller market &#8211; direct sale Direct sale every Saturday all year<\/p>\n","protected":false},"author":1,"featured_media":0,"parent":0,"menu_order":0,"comment_status":"closed","ping_status":"closed","template":"","meta":[],"yoast_head":"<!-- This site is optimized with the Yoast SEO plugin v17.4 - https:\/\/yoast.com\/wordpress\/plugins\/seo\/ -->\n<title>Where to buy - Es Saboner<\/title>\n<meta name=\"robots\" content=\"index, follow, max-snippet:-1, max-image-preview:large, max-video-preview:-1\" \/>\n<link rel=\"canonical\" href=\"https:\/\/essaboner.com\/en\/puntos-de-venta\/\" \/>\n<meta property=\"og:locale\" content=\"en_US\" \/>\n<meta property=\"og:type\" content=\"article\" \/>\n<meta property=\"og:title\" content=\"Where to buy - Es Saboner\" \/>\n<meta property=\"og:description\" content=\"WHERE TO BUY Where can you find our products? S\u00f3ller market &#8211; direct sale Direct sale every Saturday all year\" \/>\n<meta property=\"og:url\" content=\"https:\/\/essaboner.com\/en\/puntos-de-venta\/\" \/>\n<meta property=\"og:site_name\" content=\"Es Saboner\" \/>\n<meta property=\"article:modified_time\" content=\"2021-11-05T12:28:48+00:00\" \/>\n<meta property=\"og:image\" content=\"https:\/\/essaboner.com\/wp-content\/uploads\/2021\/02\/forma-top.png\" \/>\n<meta name=\"twitter:card\" content=\"summary_large_image\" \/>\n<meta name=\"twitter:label1\" content=\"Est. reading time\" \/>\n\t<meta name=\"twitter:data1\" content=\"1 minute\" \/>\n<script type=\"application\/ld+json\" class=\"yoast-schema-graph\">{\"@context\":\"https:\/\/schema.org\",\"@graph\":[{\"@type\":\"WebSite\",\"@id\":\"https:\/\/essaboner.com\/#website\",\"url\":\"https:\/\/essaboner.com\/\",\"name\":\"Es Saboner\",\"description\":\"Productos de limpieza naturales\",\"potentialAction\":[{\"@type\":\"SearchAction\",\"target\":{\"@type\":\"EntryPoint\",\"urlTemplate\":\"https:\/\/essaboner.com\/?s={search_term_string}\"},\"query-input\":\"required name=search_term_string\"}],\"inLanguage\":\"en-US\"},{\"@type\":\"ImageObject\",\"@id\":\"https:\/\/essaboner.com\/en\/puntos-de-venta\/#primaryimage\",\"inLanguage\":\"en-US\",\"url\":\"https:\/\/essaboner.com\/wp-content\/uploads\/2021\/02\/forma-top.png\",\"contentUrl\":\"https:\/\/essaboner.com\/wp-content\/uploads\/2021\/02\/forma-top.png\",\"width\":271,\"height\":37},{\"@type\":\"WebPage\",\"@id\":\"https:\/\/essaboner.com\/en\/puntos-de-venta\/#webpage\",\"url\":\"https:\/\/essaboner.com\/en\/puntos-de-venta\/\",\"name\":\"Where to buy - Es Saboner\",\"isPartOf\":{\"@id\":\"https:\/\/essaboner.com\/#website\"},\"primaryImageOfPage\":{\"@id\":\"https:\/\/essaboner.com\/en\/puntos-de-venta\/#primaryimage\"},\"datePublished\":\"2020-07-31T10:47:24+00:00\",\"dateModified\":\"2021-11-05T12:28:48+00:00\",\"breadcrumb\":{\"@id\":\"https:\/\/essaboner.com\/en\/puntos-de-venta\/#breadcrumb\"},\"inLanguage\":\"en-US\",\"potentialAction\":[{\"@type\":\"ReadAction\",\"target\":[\"https:\/\/essaboner.com\/en\/puntos-de-venta\/\"]}]},{\"@type\":\"BreadcrumbList\",\"@id\":\"https:\/\/essaboner.com\/en\/puntos-de-venta\/#breadcrumb\",\"itemListElement\":[{\"@type\":\"ListItem\",\"position\":1,\"name\":\"Portada\",\"item\":\"https:\/\/essaboner.com\/en\/\"},{\"@type\":\"ListItem\",\"position\":2,\"name\":\"Where to buy\"}]}]}<\/script>\n<!-- \/ Yoast SEO plugin. -->","yoast_head_json":{"title":"Where to buy - Es Saboner","robots":{"index":"index","follow":"follow","max-snippet":"max-snippet:-1","max-image-preview":"max-image-preview:large","max-video-preview":"max-video-preview:-1"},"canonical":"https:\/\/essaboner.com\/en\/puntos-de-venta\/","og_locale":"en_US","og_type":"article","og_title":"Where to buy - Es Saboner","og_description":"WHERE TO BUY Where can you find our products? S\u00f3ller market &#8211; direct sale Direct sale every Saturday all year","og_url":"https:\/\/essaboner.com\/en\/puntos-de-venta\/","og_site_name":"Es Saboner","article_modified_time":"2021-11-05T12:28:48+00:00","og_image":[{"url":"https:\/\/essaboner.com\/wp-content\/uploads\/2021\/02\/forma-top.png"}],"twitter_card":"summary_large_image","twitter_misc":{"Est. reading time":"1 minute"},"schema":{"@context":"https:\/\/schema.org","@graph":[{"@type":"WebSite","@id":"https:\/\/essaboner.com\/#website","url":"https:\/\/essaboner.com\/","name":"Es Saboner","description":"Productos de limpieza naturales","potentialAction":[{"@type":"SearchAction","target":{"@type":"EntryPoint","urlTemplate":"https:\/\/essaboner.com\/?s={search_term_string}"},"query-input":"required name=search_term_string"}],"inLanguage":"en-US"},{"@type":"ImageObject","@id":"https:\/\/essaboner.com\/en\/puntos-de-venta\/#primaryimage","inLanguage":"en-US","url":"https:\/\/essaboner.com\/wp-content\/uploads\/2021\/02\/forma-top.png","contentUrl":"https:\/\/essaboner.com\/wp-content\/uploads\/2021\/02\/forma-top.png","width":271,"height":37},{"@type":"WebPage","@id":"https:\/\/essaboner.com\/en\/puntos-de-venta\/#webpage","url":"https:\/\/essaboner.com\/en\/puntos-de-venta\/","name":"Where to buy - Es Saboner","isPartOf":{"@id":"https:\/\/essaboner.com\/#website"},"primaryImageOfPage":{"@id":"https:\/\/essaboner.com\/en\/puntos-de-venta\/#primaryimage"},"datePublished":"2020-07-31T10:47:24+00:00","dateModified":"2021-11-05T12:28:48+00:00","breadcrumb":{"@id":"https:\/\/essaboner.com\/en\/puntos-de-venta\/#breadcrumb"},"inLanguage":"en-US","potentialAction":[{"@type":"ReadAction","target":["https:\/\/essaboner.com\/en\/puntos-de-venta\/"]}]},{"@type":"BreadcrumbList","@id":"https:\/\/essaboner.com\/en\/puntos-de-venta\/#breadcrumb","itemListElement":[{"@type":"ListItem","position":1,"name":"Portada","item":"https:\/\/essaboner.com\/en\/"},{"@type":"ListItem","position":2,"name":"Where to buy"}]}]}},"_links":{"self":[{"href":"https:\/\/essaboner.com\/en\/wp-json\/wp\/v2\/pages\/11091"}],"collection":[{"href":"https:\/\/essaboner.com\/en\/wp-json\/wp\/v2\/pages"}],"about":[{"href":"https:\/\/essaboner.com\/en\/wp-json\/wp\/v2\/types\/page"}],"author":[{"embeddable":true,"href":"https:\/\/essaboner.com\/en\/wp-json\/wp\/v2\/users\/1"}],"replies":[{"embeddable":true,"href":"https:\/\/essaboner.com\/en\/wp-json\/wp\/v2\/comments?post=11091"}],"version-history":[{"count":10,"href":"https:\/\/essaboner.com\/en\/wp-json\/wp\/v2\/pages\/11091\/revisions"}],"predecessor-version":[{"id":11371,"href":"https:\/\/essaboner.com\/en\/wp-json\/wp\/v2\/pages\/11091\/revisions\/11371"}],"wp:attachment":[{"href":"https:\/\/essaboner.com\/en\/wp-json\/wp\/v2\/media?parent=11091"}],"curies":[{"name":"wp","href":"https:\/\/api.w.org\/{rel}","templated":true}]}}