{"id":11598,"date":"2022-12-06T15:24:44","date_gmt":"2022-12-06T15:24:45","guid":{"rendered":"https:\/\/essaboner.com\/?post_type=product&#038;p=11598"},"modified":"2023-01-05T21:40:09","modified_gmt":"2023-01-05T21:40:09","slug":"naturliche-olivenoelseife-mit-zitrone-aus-soller-mallorca","status":"publish","type":"product","link":"https:\/\/essaboner.com\/de\/produkt\/naturliche-olivenoelseife-mit-zitrone-aus-soller-mallorca\/","title":{"rendered":"Nat\u00fcrliche Oliven\u00f6lseife mit Zitrone aus Mallorca"},"content":{"rendered":"\t\t<div data-elementor-type=\"wp-post\" data-elementor-id=\"11598\" class=\"elementor elementor-11598 elementor-11596\" data-elementor-settings=\"[]\">\n\t\t\t\t\t\t<div class=\"elementor-inner\">\n\t\t\t\t\t\t\t<div class=\"elementor-section-wrap\">\n\t\t\t\t\t\t\t<section class=\"elementor-section elementor-top-section elementor-element elementor-element-1de2620 elementor-section-content-top elementor-section-boxed elementor-section-height-default elementor-section-height-default wd-section-disabled\" data-id=\"1de2620\" data-element_type=\"section\">\n\t\t\t\t\t\t<div class=\"elementor-container elementor-column-gap-default\">\n\t\t\t\t\t\t\t<div class=\"elementor-row\">\n\t\t\t\t\t<div class=\"elementor-column elementor-col-100 elementor-top-column elementor-element elementor-element-9ac83f1\" data-id=\"9ac83f1\" data-element_type=\"column\">\n\t\t\t<div class=\"elementor-column-wrap elementor-element-populated\">\n\t\t\t\t\t\t\t<div class=\"elementor-widget-wrap\">\n\t\t\t\t\t\t<div class=\"elementor-element elementor-element-a0531c4 elementor-widget elementor-widget-eael-adv-tabs\" data-id=\"a0531c4\" data-element_type=\"widget\" data-widget_type=\"eael-adv-tabs.default\">\n\t\t\t\t<div class=\"elementor-widget-container\">\n\t\t\t        <div id=\"eael-advance-tabs-a0531c4\" class=\"eael-advance-tabs eael-tabs-horizontal\" data-tabid=\"a0531c4\">\n            <div class=\"eael-tabs-nav\">\n                <ul class=\"\">\n                                            <li id=\"weitere-informationen\" class=\"inactive\">\n                            \n                            \n                            \n                                                            <span class=\"eael-tab-title title-after-icon\">Weitere Informationen<\/span>\n                                                    <\/li>\n                                            <li id=\"anwendung-und-hinweise\" class=\"inactive\">\n                            \n                            \n                            \n                                                            <span class=\"eael-tab-title title-after-icon\">Anwendung und Hinweise<\/span>\n                                                    <\/li>\n                                            <li id=\"zusammensetzung\" class=\"inactive\">\n                            \n                            \n                            \n                                                            <span class=\"eael-tab-title title-after-icon\">Zusammensetzung<\/span>\n                                                    <\/li>\n                                            <li id=\"inhaltsstoffe-inci\" class=\"inactive\">\n                            \n                            \n                            \n                                                            <span class=\"eael-tab-title title-after-icon\">Inhaltsstoffe INCI<\/span>\n                                                    <\/li>\n                                    <\/ul>\n            <\/div>\n            <div class=\"eael-tabs-content\">\n\t\t        \n                    <div id=\"weitere-informationen-tab\" class=\"clearfix eael-tab-content-item inactive\" data-title-link=\"weitere-informationen\">\n\t\t\t\t        \t\t\t\t\t        <p>Komplett handgefertigt in S\u00f3ller, Mallorca, im Kaltverseifungsverfahren.<br \/>Von ACENE (Verband der \u00f6kologischen und nat\u00fcrlichen Kosmetik Spaniens) als NATURPRODUKT zertifiziert.<br \/>100 % nat\u00fcrlich und vegan.<br \/>Frei von Parabenen und EDTA, ohne k\u00fcnstliche Farbstoffe, ohne Konservierungsmittel, ohne Schaummittel, ohne synthetische Duftstoffe, ohne Sulfate und ohne Palm\u00f6l.<\/p>\t\t\t\t                            <\/div>\n\t\t        \n                    <div id=\"anwendung-und-hinweise-tab\" class=\"clearfix eael-tab-content-item inactive\" data-title-link=\"anwendung-und-hinweise\">\n\t\t\t\t        \t\t\t\t\t        <p>F\u00fcr K\u00f6rper und Gesicht.<br \/>Legen Sie die Seife nach der Anwendung auf eine Kantenseite, damit sie besser trocknet.<br \/>An einem trockenen und k\u00fchlen Ort aufbewahren.<\/p>\t\t\t\t                            <\/div>\n\t\t        \n                    <div id=\"zusammensetzung-tab\" class=\"clearfix eael-tab-content-item inactive\" data-title-link=\"zusammensetzung\">\n\t\t\t\t        \t\t\t\t\t        <p>Verseiftes Oliven\u00f6l, verseiftes Kokosnuss\u00f6l, Wasser, Glycerin, natives Oliven\u00f6l, orangefarbene Tonerde, natives Bio-Kokosnuss\u00f6l, \u00e4therisches Bio-Orangen\u00f6l, \u00e4therisches Bio-Zitronengras\u00f6l, \u00e4therisches Bio-Petitgrain Bigaradier\u00f6l, Citral*, Geraniol*, Limonen*, Linalool* (*in \u00e4therischen \u00d6len nat\u00fcrlich vorkommende Stoffe).<\/p>\t\t\t\t                            <\/div>\n\t\t        \n                    <div id=\"inhaltsstoffe-inci-tab\" class=\"clearfix eael-tab-content-item inactive\" data-title-link=\"inhaltsstoffe-inci\">\n\t\t\t\t        \t\t\t\t\t        <p>Sodium Olivate, Sodium Cocoate, Aqua, Glycerin, Olea Europaea Fruit Oil, Illite, Cocos Nucifera Oil, Citrus Sinensis Peel Oil Expressed, Cymbopogon Citratus Leaf Oil, Citrus Aurantium Leaf Oil, Citral, Geraniol, Limonene, Linalool<\/p>\t\t\t\t                            <\/div>\n\t\t                    <\/div>\n        <\/div>\n\t\t<\/div>\n\t\t\t\t<\/div>\n\t\t\t\t\t\t<\/div>\n\t\t\t\t\t<\/div>\n\t\t<\/div>\n\t\t\t\t\t\t\t\t<\/div>\n\t\t\t\t\t<\/div>\n\t\t<\/section>\n\t\t\t\t\t\t<\/div>\n\t\t\t\t\t\t<\/div>\n\t\t\t\t\t<\/div>\n\t\t","protected":false},"excerpt":{"rendered":"<p>Sehr milde Naturseife f\u00fcr K\u00f6rper und Gesicht aus nativem Oliven\u00f6l, das in S\u00f3ller hergestellt wird, parf\u00fcmiert mit \u00e4therischem Bio-Zitronen\u00f6l. Hergestellt in S\u00f3ller von Joaquin, Seifenmacher, im Kaltverseifungsverfahren.<\/p>\n<p>90 g.<\/p>\n","protected":false},"featured_media":11606,"template":"","meta":[],"product_cat":[88],"product_tag":[],"yoast_head":"<!-- This site is optimized with the Yoast SEO plugin v17.4 - https:\/\/yoast.com\/wordpress\/plugins\/seo\/ -->\n<title>Nat\u00fcrliche Oliven\u00f6lseife mit Zitrone aus Mallorca - Es Saboner<\/title>\n<meta name=\"description\" content=\"Naturseife f\u00fcr K\u00f6rper und Gesicht aus nativem Oliven\u00f6l, das in S\u00f3ller hergestellt wird, parf\u00fcmiert mit \u00e4therischem Bio-Zitronen\u00f6l. Hergestellt in Mallorca.\" \/>\n<meta name=\"robots\" content=\"index, follow, max-snippet:-1, max-image-preview:large, max-video-preview:-1\" \/>\n<link rel=\"canonical\" href=\"https:\/\/essaboner.com\/de\/produkt\/naturliche-olivenoelseife-mit-zitrone-aus-soller-mallorca\/\" \/>\n<meta property=\"og:locale\" content=\"de_DE\" \/>\n<meta property=\"og:type\" content=\"article\" \/>\n<meta property=\"og:title\" content=\"Nat\u00fcrliche Oliven\u00f6lseife mit Zitrone aus Mallorca - Es Saboner\" \/>\n<meta property=\"og:description\" content=\"Naturseife f\u00fcr K\u00f6rper und Gesicht aus nativem Oliven\u00f6l, das in S\u00f3ller hergestellt wird, parf\u00fcmiert mit \u00e4therischem Bio-Zitronen\u00f6l. Hergestellt in Mallorca.\" \/>\n<meta property=\"og:url\" content=\"https:\/\/essaboner.com\/de\/produkt\/naturliche-olivenoelseife-mit-zitrone-aus-soller-mallorca\/\" \/>\n<meta property=\"og:site_name\" content=\"Es Saboner\" \/>\n<meta property=\"article:modified_time\" content=\"2023-01-05T21:40:09+00:00\" \/>\n<meta property=\"og:image\" content=\"https:\/\/essaboner.com\/wp-content\/uploads\/2022\/12\/DSC01194.jpg\" \/>\n\t<meta property=\"og:image:width\" content=\"1400\" \/>\n\t<meta property=\"og:image:height\" content=\"934\" \/>\n<meta name=\"twitter:card\" content=\"summary_large_image\" \/>\n<meta name=\"twitter:label1\" content=\"Gesch\u00e4tzte Lesezeit\" \/>\n\t<meta name=\"twitter:data1\" content=\"1\u00a0Minute\" \/>\n<script type=\"application\/ld+json\" class=\"yoast-schema-graph\">{\"@context\":\"https:\/\/schema.org\",\"@graph\":[{\"@type\":\"WebSite\",\"@id\":\"https:\/\/essaboner.com\/#website\",\"url\":\"https:\/\/essaboner.com\/\",\"name\":\"Es Saboner\",\"description\":\"Productos de limpieza naturales\",\"potentialAction\":[{\"@type\":\"SearchAction\",\"target\":{\"@type\":\"EntryPoint\",\"urlTemplate\":\"https:\/\/essaboner.com\/?s={search_term_string}\"},\"query-input\":\"required name=search_term_string\"}],\"inLanguage\":\"de\"},{\"@type\":\"ImageObject\",\"@id\":\"https:\/\/essaboner.com\/de\/produkt\/naturliche-olivenoelseife-mit-zitrone-aus-soller-mallorca\/#primaryimage\",\"inLanguage\":\"de\",\"url\":\"https:\/\/essaboner.com\/wp-content\/uploads\/2022\/12\/DSC01194.jpg\",\"contentUrl\":\"https:\/\/essaboner.com\/wp-content\/uploads\/2022\/12\/DSC01194.jpg\",\"width\":1400,\"height\":934,\"caption\":\"Sehr milde Naturseife f\\u00fcr K\\u00f6rper und Gesicht aus nativem Oliven\\u00f6l, das in S\\u00f3ller hergestellt wird, parf\\u00fcmiert mit \\u00e4therischem Bio-Zitronen\\u00f6l.\"},{\"@type\":\"WebPage\",\"@id\":\"https:\/\/essaboner.com\/de\/produkt\/naturliche-olivenoelseife-mit-zitrone-aus-soller-mallorca\/#webpage\",\"url\":\"https:\/\/essaboner.com\/de\/produkt\/naturliche-olivenoelseife-mit-zitrone-aus-soller-mallorca\/\",\"name\":\"Nat\\u00fcrliche Oliven\\u00f6lseife mit Zitrone aus Mallorca - Es Saboner\",\"isPartOf\":{\"@id\":\"https:\/\/essaboner.com\/#website\"},\"primaryImageOfPage\":{\"@id\":\"https:\/\/essaboner.com\/de\/produkt\/naturliche-olivenoelseife-mit-zitrone-aus-soller-mallorca\/#primaryimage\"},\"datePublished\":\"2022-12-06T15:24:45+00:00\",\"dateModified\":\"2023-01-05T21:40:09+00:00\",\"description\":\"Naturseife f\\u00fcr K\\u00f6rper und Gesicht aus nativem Oliven\\u00f6l, das in S\\u00f3ller hergestellt wird, parf\\u00fcmiert mit \\u00e4therischem Bio-Zitronen\\u00f6l. Hergestellt in Mallorca.\",\"breadcrumb\":{\"@id\":\"https:\/\/essaboner.com\/de\/produkt\/naturliche-olivenoelseife-mit-zitrone-aus-soller-mallorca\/#breadcrumb\"},\"inLanguage\":\"de\",\"potentialAction\":[{\"@type\":\"ReadAction\",\"target\":[\"https:\/\/essaboner.com\/de\/produkt\/naturliche-olivenoelseife-mit-zitrone-aus-soller-mallorca\/\"]}]},{\"@type\":\"BreadcrumbList\",\"@id\":\"https:\/\/essaboner.com\/de\/produkt\/naturliche-olivenoelseife-mit-zitrone-aus-soller-mallorca\/#breadcrumb\",\"itemListElement\":[{\"@type\":\"ListItem\",\"position\":1,\"name\":\"Portada\",\"item\":\"https:\/\/essaboner.com\/de\/\"},{\"@type\":\"ListItem\",\"position\":2,\"name\":\"Shop\",\"item\":\"https:\/\/essaboner.com\/de\/shop-2\/\"},{\"@type\":\"ListItem\",\"position\":3,\"name\":\"Nat\\u00fcrliche Oliven\\u00f6lseife mit Zitrone aus Mallorca\"}]}]}<\/script>\n<!-- \/ Yoast SEO plugin. -->","yoast_head_json":{"title":"Nat\u00fcrliche Oliven\u00f6lseife mit Zitrone aus Mallorca - Es Saboner","description":"Naturseife f\u00fcr K\u00f6rper und Gesicht aus nativem Oliven\u00f6l, das in S\u00f3ller hergestellt wird, parf\u00fcmiert mit \u00e4therischem Bio-Zitronen\u00f6l. Hergestellt in Mallorca.","robots":{"index":"index","follow":"follow","max-snippet":"max-snippet:-1","max-image-preview":"max-image-preview:large","max-video-preview":"max-video-preview:-1"},"canonical":"https:\/\/essaboner.com\/de\/produkt\/naturliche-olivenoelseife-mit-zitrone-aus-soller-mallorca\/","og_locale":"de_DE","og_type":"article","og_title":"Nat\u00fcrliche Oliven\u00f6lseife mit Zitrone aus Mallorca - Es Saboner","og_description":"Naturseife f\u00fcr K\u00f6rper und Gesicht aus nativem Oliven\u00f6l, das in S\u00f3ller hergestellt wird, parf\u00fcmiert mit \u00e4therischem Bio-Zitronen\u00f6l. Hergestellt in Mallorca.","og_url":"https:\/\/essaboner.com\/de\/produkt\/naturliche-olivenoelseife-mit-zitrone-aus-soller-mallorca\/","og_site_name":"Es Saboner","article_modified_time":"2023-01-05T21:40:09+00:00","og_image":[{"width":1400,"height":934,"url":"https:\/\/essaboner.com\/wp-content\/uploads\/2022\/12\/DSC01194.jpg","type":"image\/jpeg"}],"twitter_card":"summary_large_image","twitter_misc":{"Gesch\u00e4tzte Lesezeit":"1\u00a0Minute"},"schema":{"@context":"https:\/\/schema.org","@graph":[{"@type":"WebSite","@id":"https:\/\/essaboner.com\/#website","url":"https:\/\/essaboner.com\/","name":"Es Saboner","description":"Productos de limpieza naturales","potentialAction":[{"@type":"SearchAction","target":{"@type":"EntryPoint","urlTemplate":"https:\/\/essaboner.com\/?s={search_term_string}"},"query-input":"required name=search_term_string"}],"inLanguage":"de"},{"@type":"ImageObject","@id":"https:\/\/essaboner.com\/de\/produkt\/naturliche-olivenoelseife-mit-zitrone-aus-soller-mallorca\/#primaryimage","inLanguage":"de","url":"https:\/\/essaboner.com\/wp-content\/uploads\/2022\/12\/DSC01194.jpg","contentUrl":"https:\/\/essaboner.com\/wp-content\/uploads\/2022\/12\/DSC01194.jpg","width":1400,"height":934,"caption":"Sehr milde Naturseife f\u00fcr K\u00f6rper und Gesicht aus nativem Oliven\u00f6l, das in S\u00f3ller hergestellt wird, parf\u00fcmiert mit \u00e4therischem Bio-Zitronen\u00f6l."},{"@type":"WebPage","@id":"https:\/\/essaboner.com\/de\/produkt\/naturliche-olivenoelseife-mit-zitrone-aus-soller-mallorca\/#webpage","url":"https:\/\/essaboner.com\/de\/produkt\/naturliche-olivenoelseife-mit-zitrone-aus-soller-mallorca\/","name":"Nat\u00fcrliche Oliven\u00f6lseife mit Zitrone aus Mallorca - Es Saboner","isPartOf":{"@id":"https:\/\/essaboner.com\/#website"},"primaryImageOfPage":{"@id":"https:\/\/essaboner.com\/de\/produkt\/naturliche-olivenoelseife-mit-zitrone-aus-soller-mallorca\/#primaryimage"},"datePublished":"2022-12-06T15:24:45+00:00","dateModified":"2023-01-05T21:40:09+00:00","description":"Naturseife f\u00fcr K\u00f6rper und Gesicht aus nativem Oliven\u00f6l, das in S\u00f3ller hergestellt wird, parf\u00fcmiert mit \u00e4therischem Bio-Zitronen\u00f6l. Hergestellt in Mallorca.","breadcrumb":{"@id":"https:\/\/essaboner.com\/de\/produkt\/naturliche-olivenoelseife-mit-zitrone-aus-soller-mallorca\/#breadcrumb"},"inLanguage":"de","potentialAction":[{"@type":"ReadAction","target":["https:\/\/essaboner.com\/de\/produkt\/naturliche-olivenoelseife-mit-zitrone-aus-soller-mallorca\/"]}]},{"@type":"BreadcrumbList","@id":"https:\/\/essaboner.com\/de\/produkt\/naturliche-olivenoelseife-mit-zitrone-aus-soller-mallorca\/#breadcrumb","itemListElement":[{"@type":"ListItem","position":1,"name":"Portada","item":"https:\/\/essaboner.com\/de\/"},{"@type":"ListItem","position":2,"name":"Shop","item":"https:\/\/essaboner.com\/de\/shop-2\/"},{"@type":"ListItem","position":3,"name":"Nat\u00fcrliche Oliven\u00f6lseife mit Zitrone aus Mallorca"}]}]}},"_links":{"self":[{"href":"https:\/\/essaboner.com\/de\/wp-json\/wp\/v2\/product\/11598"}],"collection":[{"href":"https:\/\/essaboner.com\/de\/wp-json\/wp\/v2\/product"}],"about":[{"href":"https:\/\/essaboner.com\/de\/wp-json\/wp\/v2\/types\/product"}],"version-history":[{"count":3,"href":"https:\/\/essaboner.com\/de\/wp-json\/wp\/v2\/product\/11598\/revisions"}],"predecessor-version":[{"id":11630,"href":"https:\/\/essaboner.com\/de\/wp-json\/wp\/v2\/product\/11598\/revisions\/11630"}],"wp:featuredmedia":[{"embeddable":true,"href":"https:\/\/essaboner.com\/de\/wp-json\/wp\/v2\/media\/11606"}],"wp:attachment":[{"href":"https:\/\/essaboner.com\/de\/wp-json\/wp\/v2\/media?parent=11598"}],"wp:term":[{"taxonomy":"product_cat","embeddable":true,"href":"https:\/\/essaboner.com\/de\/wp-json\/wp\/v2\/product_cat?post=11598"},{"taxonomy":"product_tag","embeddable":true,"href":"https:\/\/essaboner.com\/de\/wp-json\/wp\/v2\/product_tag?post=11598"}],"curies":[{"name":"wp","href":"https:\/\/api.w.org\/{rel}","templated":true}]}}