{"id":11291,"date":"2021-02-03T10:40:42","date_gmt":"2021-02-03T10:40:42","guid":{"rendered":"https:\/\/essaboner.com\/product\/jabon-natural-de-manos-hecho-en-mallorca\/"},"modified":"2021-11-05T13:18:42","modified_gmt":"2021-11-05T13:18:42","slug":"100-naturseife-fuer-die-haende-aus-mallorca","status":"publish","type":"product","link":"https:\/\/essaboner.com\/de\/produkt\/100-naturseife-fuer-die-haende-aus-mallorca\/","title":{"rendered":"100 % Naturseife f\u00fcr die H\u00e4nde aus Mallorca"},"content":{"rendered":"\t\t<div data-elementor-type=\"wp-post\" data-elementor-id=\"11291\" class=\"elementor elementor-11291 elementor-8658\" data-elementor-settings=\"[]\">\n\t\t\t\t\t\t<div class=\"elementor-inner\">\n\t\t\t\t\t\t\t<div class=\"elementor-section-wrap\">\n\t\t\t\t\t\t\t<section class=\"elementor-section elementor-top-section elementor-element elementor-element-1de2620 elementor-section-content-top elementor-section-boxed elementor-section-height-default elementor-section-height-default wd-section-disabled\" data-id=\"1de2620\" data-element_type=\"section\">\n\t\t\t\t\t\t<div class=\"elementor-container elementor-column-gap-default\">\n\t\t\t\t\t\t\t<div class=\"elementor-row\">\n\t\t\t\t\t<div class=\"elementor-column elementor-col-100 elementor-top-column elementor-element elementor-element-9ac83f1\" data-id=\"9ac83f1\" data-element_type=\"column\">\n\t\t\t<div class=\"elementor-column-wrap elementor-element-populated\">\n\t\t\t\t\t\t\t<div class=\"elementor-widget-wrap\">\n\t\t\t\t\t\t<div class=\"elementor-element elementor-element-a0531c4 elementor-widget elementor-widget-eael-adv-tabs\" data-id=\"a0531c4\" data-element_type=\"widget\" data-widget_type=\"eael-adv-tabs.default\">\n\t\t\t\t<div class=\"elementor-widget-container\">\n\t\t\t        <div id=\"eael-advance-tabs-a0531c4\" class=\"eael-advance-tabs eael-tabs-horizontal\" data-tabid=\"a0531c4\">\n            <div class=\"eael-tabs-nav\">\n                <ul class=\"\">\n                                            <li id=\"weitere-informationen\" class=\"inactive\">\n                            \n                            \n                            \n                                                            <span class=\"eael-tab-title title-after-icon\">Weitere Informationen<\/span>\n                                                    <\/li>\n                                            <li id=\"anwendung-und-hinweise\" class=\"inactive\">\n                            \n                            \n                            \n                                                            <span class=\"eael-tab-title title-after-icon\">Anwendung und Hinweise<\/span>\n                                                    <\/li>\n                                            <li id=\"zusammensetzung\" class=\"inactive\">\n                            \n                            \n                            \n                                                            <span class=\"eael-tab-title title-after-icon\">Zusammensetzung<\/span>\n                                                    <\/li>\n                                            <li id=\"inhaltsstoffe-inci\" class=\"inactive\">\n                            \n                            \n                            \n                                                            <span class=\"eael-tab-title title-after-icon\">Inhaltsstoffe INCI<\/span>\n                                                    <\/li>\n                                    <\/ul>\n            <\/div>\n            <div class=\"eael-tabs-content\">\n\t\t        \n                    <div id=\"weitere-informationen-tab\" class=\"clearfix eael-tab-content-item inactive\" data-title-link=\"weitere-informationen\">\n\t\t\t\t        \t\t\t\t\t        <p>Seife 75 Gramm.<br \/>Komplett handgefertigt im Kaltverseifungsverfahren.<br \/>Von ACENE (Verband der \u00f6kologischen und nat\u00fcrlichen Kosmetik Spaniens) als NATURPRODUKT zertifiziert.<br \/>100 % nat\u00fcrlich und vegan.<br \/>Frei von Duftstoffen.<br \/>Hypoallergen.<br \/>Frei von Parabenen und EDTA, ohne k\u00fcnstliche Farbstoffe, ohne Konservierungsmittel, ohne Schaummittel, ohne synthetische Duftstoffe, ohne Sulfate und ohne Palm\u00f6l.<\/p>\t\t\t\t                            <\/div>\n\t\t        \n                    <div id=\"anwendung-und-hinweise-tab\" class=\"clearfix eael-tab-content-item inactive\" data-title-link=\"anwendung-und-hinweise\">\n\t\t\t\t        \t\t\t\t\t        <p>Waschen Sie Ihre H\u00e4nde 40 bis 60 Sekunden lang mit der Seife von Es Saboner.<br \/>Legen Sie die Seife nach der Anwendung auf eine Kantenseite, damit sie besser trocknet.<br \/>An einem trockenen und k\u00fchlen Ort aufbewahren.<\/p>\t\t\t\t                            <\/div>\n\t\t        \n                    <div id=\"zusammensetzung-tab\" class=\"clearfix eael-tab-content-item inactive\" data-title-link=\"zusammensetzung\">\n\t\t\t\t        \t\t\t\t\t        <p>Verseiftes Oliven\u00f6l, verseiftes Kokosnuss\u00f6l, Wasser, Glycerin, wei\u00dfe Tonerde, gr\u00fcne Tonerde, natives Oliven\u00f6l, Bio-Kokosnuss\u00f6l.<\/p>\t\t\t\t                            <\/div>\n\t\t        \n                    <div id=\"inhaltsstoffe-inci-tab\" class=\"clearfix eael-tab-content-item inactive\" data-title-link=\"inhaltsstoffe-inci\">\n\t\t\t\t        \t\t\t\t\t        <p>Sodium Olivate, Sodium Cocoate, Aqua, Glycerin, Kaolin, Montmorillonite, Olea Europaea Fruit Oil, Cocos Nucifera Oil.<\/p>\t\t\t\t                            <\/div>\n\t\t                    <\/div>\n        <\/div>\n\t\t<\/div>\n\t\t\t\t<\/div>\n\t\t\t\t\t\t<\/div>\n\t\t\t\t\t<\/div>\n\t\t<\/div>\n\t\t\t\t\t\t\t\t<\/div>\n\t\t\t\t\t<\/div>\n\t\t<\/section>\n\t\t\t\t\t\t<\/div>\n\t\t\t\t\t\t<\/div>\n\t\t\t\t\t<\/div>\n\t\t","protected":false},"excerpt":{"rendered":"<p>Handgefertigte Naturseife aus S\u00f3ller (Mallorca &#8211; Spanien).<br \/>\nSehr milde <em>Surgras<\/em> Seife mit nativem Oliven\u00f6l, hergestellt in S\u00f3ller.<br \/>\nF\u00fcr die H\u00e4nde.<\/p>\n<p><strong>Gewicht. 75 Gramm (ca.)<\/strong><\/p>\n","protected":false},"featured_media":11293,"template":"","meta":[],"product_cat":[88],"product_tag":[],"yoast_head":"<!-- This site is optimized with the Yoast SEO plugin v17.4 - https:\/\/yoast.com\/wordpress\/plugins\/seo\/ -->\n<title>100 % Naturseife f\u00fcr die H\u00e4nde aus Mallorca - Es Saboner<\/title>\n<meta name=\"description\" content=\"Sab\u00f3 natural y artesanal d&#039;oli d&#039;oliva verge de Mallorca fet a Mallorca. Jab\u00f3n de manos natural con aceite de oliva de S\u00f3ller y hecho en Mallorca\" \/>\n<meta name=\"robots\" content=\"index, follow, max-snippet:-1, max-image-preview:large, max-video-preview:-1\" \/>\n<link rel=\"canonical\" href=\"https:\/\/essaboner.com\/de\/produkt\/100-naturseife-fuer-die-haende-aus-mallorca\/\" \/>\n<meta property=\"og:locale\" content=\"de_DE\" \/>\n<meta property=\"og:type\" content=\"article\" \/>\n<meta property=\"og:title\" content=\"100 % Naturseife f\u00fcr die H\u00e4nde aus Mallorca - Es Saboner\" \/>\n<meta property=\"og:description\" content=\"Sab\u00f3 natural y artesanal d&#039;oli d&#039;oliva verge de Mallorca fet a Mallorca. Jab\u00f3n de manos natural con aceite de oliva de S\u00f3ller y hecho en Mallorca\" \/>\n<meta property=\"og:url\" content=\"https:\/\/essaboner.com\/de\/produkt\/100-naturseife-fuer-die-haende-aus-mallorca\/\" \/>\n<meta property=\"og:site_name\" content=\"Es Saboner\" \/>\n<meta property=\"article:modified_time\" content=\"2021-11-05T13:18:42+00:00\" \/>\n<meta property=\"og:image\" content=\"https:\/\/essaboner.com\/wp-content\/uploads\/2021\/02\/es-saboner-03.jpg\" \/>\n\t<meta property=\"og:image:width\" content=\"1400\" \/>\n\t<meta property=\"og:image:height\" content=\"1400\" \/>\n<meta name=\"twitter:card\" content=\"summary_large_image\" \/>\n<meta name=\"twitter:label1\" content=\"Gesch\u00e4tzte Lesezeit\" \/>\n\t<meta name=\"twitter:data1\" content=\"1\u00a0Minute\" \/>\n<script type=\"application\/ld+json\" class=\"yoast-schema-graph\">{\"@context\":\"https:\/\/schema.org\",\"@graph\":[{\"@type\":\"WebSite\",\"@id\":\"https:\/\/essaboner.com\/#website\",\"url\":\"https:\/\/essaboner.com\/\",\"name\":\"Es Saboner\",\"description\":\"Productos de limpieza naturales\",\"potentialAction\":[{\"@type\":\"SearchAction\",\"target\":{\"@type\":\"EntryPoint\",\"urlTemplate\":\"https:\/\/essaboner.com\/?s={search_term_string}\"},\"query-input\":\"required name=search_term_string\"}],\"inLanguage\":\"de\"},{\"@type\":\"ImageObject\",\"@id\":\"https:\/\/essaboner.com\/de\/produkt\/100-naturseife-fuer-die-haende-aus-mallorca\/#primaryimage\",\"inLanguage\":\"de\",\"url\":\"https:\/\/essaboner.com\/wp-content\/uploads\/2021\/02\/es-saboner-03.jpg\",\"contentUrl\":\"https:\/\/essaboner.com\/wp-content\/uploads\/2021\/02\/es-saboner-03.jpg\",\"width\":1400,\"height\":1400,\"caption\":\"Pastilla de jab\\u00f3n de manos natural de Mallorca y envoltorio de papel\"},{\"@type\":\"WebPage\",\"@id\":\"https:\/\/essaboner.com\/de\/produkt\/100-naturseife-fuer-die-haende-aus-mallorca\/#webpage\",\"url\":\"https:\/\/essaboner.com\/de\/produkt\/100-naturseife-fuer-die-haende-aus-mallorca\/\",\"name\":\"100 % Naturseife f\\u00fcr die H\\u00e4nde aus Mallorca - Es Saboner\",\"isPartOf\":{\"@id\":\"https:\/\/essaboner.com\/#website\"},\"primaryImageOfPage\":{\"@id\":\"https:\/\/essaboner.com\/de\/produkt\/100-naturseife-fuer-die-haende-aus-mallorca\/#primaryimage\"},\"datePublished\":\"2021-02-03T10:40:42+00:00\",\"dateModified\":\"2021-11-05T13:18:42+00:00\",\"description\":\"Sab\\u00f3 natural y artesanal d'oli d'oliva verge de Mallorca fet a Mallorca. Jab\\u00f3n de manos natural con aceite de oliva de S\\u00f3ller y hecho en Mallorca\",\"breadcrumb\":{\"@id\":\"https:\/\/essaboner.com\/de\/produkt\/100-naturseife-fuer-die-haende-aus-mallorca\/#breadcrumb\"},\"inLanguage\":\"de\",\"potentialAction\":[{\"@type\":\"ReadAction\",\"target\":[\"https:\/\/essaboner.com\/de\/produkt\/100-naturseife-fuer-die-haende-aus-mallorca\/\"]}]},{\"@type\":\"BreadcrumbList\",\"@id\":\"https:\/\/essaboner.com\/de\/produkt\/100-naturseife-fuer-die-haende-aus-mallorca\/#breadcrumb\",\"itemListElement\":[{\"@type\":\"ListItem\",\"position\":1,\"name\":\"Portada\",\"item\":\"https:\/\/essaboner.com\/de\/\"},{\"@type\":\"ListItem\",\"position\":2,\"name\":\"Shop\",\"item\":\"https:\/\/essaboner.com\/de\/shop-2\/\"},{\"@type\":\"ListItem\",\"position\":3,\"name\":\"100 % Naturseife f\\u00fcr die H\\u00e4nde aus Mallorca\"}]}]}<\/script>\n<!-- \/ Yoast SEO plugin. -->","yoast_head_json":{"title":"100 % Naturseife f\u00fcr die H\u00e4nde aus Mallorca - Es Saboner","description":"Sab\u00f3 natural y artesanal d'oli d'oliva verge de Mallorca fet a Mallorca. Jab\u00f3n de manos natural con aceite de oliva de S\u00f3ller y hecho en Mallorca","robots":{"index":"index","follow":"follow","max-snippet":"max-snippet:-1","max-image-preview":"max-image-preview:large","max-video-preview":"max-video-preview:-1"},"canonical":"https:\/\/essaboner.com\/de\/produkt\/100-naturseife-fuer-die-haende-aus-mallorca\/","og_locale":"de_DE","og_type":"article","og_title":"100 % Naturseife f\u00fcr die H\u00e4nde aus Mallorca - Es Saboner","og_description":"Sab\u00f3 natural y artesanal d'oli d'oliva verge de Mallorca fet a Mallorca. Jab\u00f3n de manos natural con aceite de oliva de S\u00f3ller y hecho en Mallorca","og_url":"https:\/\/essaboner.com\/de\/produkt\/100-naturseife-fuer-die-haende-aus-mallorca\/","og_site_name":"Es Saboner","article_modified_time":"2021-11-05T13:18:42+00:00","og_image":[{"width":1400,"height":1400,"url":"https:\/\/essaboner.com\/wp-content\/uploads\/2021\/02\/es-saboner-03.jpg","type":"image\/jpeg"}],"twitter_card":"summary_large_image","twitter_misc":{"Gesch\u00e4tzte Lesezeit":"1\u00a0Minute"},"schema":{"@context":"https:\/\/schema.org","@graph":[{"@type":"WebSite","@id":"https:\/\/essaboner.com\/#website","url":"https:\/\/essaboner.com\/","name":"Es Saboner","description":"Productos de limpieza naturales","potentialAction":[{"@type":"SearchAction","target":{"@type":"EntryPoint","urlTemplate":"https:\/\/essaboner.com\/?s={search_term_string}"},"query-input":"required name=search_term_string"}],"inLanguage":"de"},{"@type":"ImageObject","@id":"https:\/\/essaboner.com\/de\/produkt\/100-naturseife-fuer-die-haende-aus-mallorca\/#primaryimage","inLanguage":"de","url":"https:\/\/essaboner.com\/wp-content\/uploads\/2021\/02\/es-saboner-03.jpg","contentUrl":"https:\/\/essaboner.com\/wp-content\/uploads\/2021\/02\/es-saboner-03.jpg","width":1400,"height":1400,"caption":"Pastilla de jab\u00f3n de manos natural de Mallorca y envoltorio de papel"},{"@type":"WebPage","@id":"https:\/\/essaboner.com\/de\/produkt\/100-naturseife-fuer-die-haende-aus-mallorca\/#webpage","url":"https:\/\/essaboner.com\/de\/produkt\/100-naturseife-fuer-die-haende-aus-mallorca\/","name":"100 % Naturseife f\u00fcr die H\u00e4nde aus Mallorca - Es Saboner","isPartOf":{"@id":"https:\/\/essaboner.com\/#website"},"primaryImageOfPage":{"@id":"https:\/\/essaboner.com\/de\/produkt\/100-naturseife-fuer-die-haende-aus-mallorca\/#primaryimage"},"datePublished":"2021-02-03T10:40:42+00:00","dateModified":"2021-11-05T13:18:42+00:00","description":"Sab\u00f3 natural y artesanal d'oli d'oliva verge de Mallorca fet a Mallorca. Jab\u00f3n de manos natural con aceite de oliva de S\u00f3ller y hecho en Mallorca","breadcrumb":{"@id":"https:\/\/essaboner.com\/de\/produkt\/100-naturseife-fuer-die-haende-aus-mallorca\/#breadcrumb"},"inLanguage":"de","potentialAction":[{"@type":"ReadAction","target":["https:\/\/essaboner.com\/de\/produkt\/100-naturseife-fuer-die-haende-aus-mallorca\/"]}]},{"@type":"BreadcrumbList","@id":"https:\/\/essaboner.com\/de\/produkt\/100-naturseife-fuer-die-haende-aus-mallorca\/#breadcrumb","itemListElement":[{"@type":"ListItem","position":1,"name":"Portada","item":"https:\/\/essaboner.com\/de\/"},{"@type":"ListItem","position":2,"name":"Shop","item":"https:\/\/essaboner.com\/de\/shop-2\/"},{"@type":"ListItem","position":3,"name":"100 % Naturseife f\u00fcr die H\u00e4nde aus Mallorca"}]}]}},"_links":{"self":[{"href":"https:\/\/essaboner.com\/de\/wp-json\/wp\/v2\/product\/11291"}],"collection":[{"href":"https:\/\/essaboner.com\/de\/wp-json\/wp\/v2\/product"}],"about":[{"href":"https:\/\/essaboner.com\/de\/wp-json\/wp\/v2\/types\/product"}],"version-history":[{"count":5,"href":"https:\/\/essaboner.com\/de\/wp-json\/wp\/v2\/product\/11291\/revisions"}],"predecessor-version":[{"id":11382,"href":"https:\/\/essaboner.com\/de\/wp-json\/wp\/v2\/product\/11291\/revisions\/11382"}],"wp:featuredmedia":[{"embeddable":true,"href":"https:\/\/essaboner.com\/de\/wp-json\/wp\/v2\/media\/11293"}],"wp:attachment":[{"href":"https:\/\/essaboner.com\/de\/wp-json\/wp\/v2\/media?parent=11291"}],"wp:term":[{"taxonomy":"product_cat","embeddable":true,"href":"https:\/\/essaboner.com\/de\/wp-json\/wp\/v2\/product_cat?post=11291"},{"taxonomy":"product_tag","embeddable":true,"href":"https:\/\/essaboner.com\/de\/wp-json\/wp\/v2\/product_tag?post=11291"}],"curies":[{"name":"wp","href":"https:\/\/api.w.org\/{rel}","templated":true}]}}