{"id":11266,"date":"2021-02-03T10:40:42","date_gmt":"2021-02-03T10:40:42","guid":{"rendered":"https:\/\/essaboner.com\/product\/100-natural-hand-soap-made-in-mallorca\/"},"modified":"2021-11-05T13:21:06","modified_gmt":"2021-11-05T13:21:06","slug":"sabo-100-natural-de-mans-fet-a-mallorca","status":"publish","type":"product","link":"https:\/\/essaboner.com\/ca\/producte\/sabo-100-natural-de-mans-fet-a-mallorca\/","title":{"rendered":"Sab\u00f3 100 % natural de mans fet a Mallorca"},"content":{"rendered":"\t\t<div data-elementor-type=\"wp-post\" data-elementor-id=\"11266\" class=\"elementor elementor-11266 elementor-8658\" data-elementor-settings=\"[]\">\n\t\t\t\t\t\t<div class=\"elementor-inner\">\n\t\t\t\t\t\t\t<div class=\"elementor-section-wrap\">\n\t\t\t\t\t\t\t<section class=\"elementor-section elementor-top-section elementor-element elementor-element-1de2620 elementor-section-content-top elementor-section-boxed elementor-section-height-default elementor-section-height-default wd-section-disabled\" data-id=\"1de2620\" data-element_type=\"section\">\n\t\t\t\t\t\t<div class=\"elementor-container elementor-column-gap-default\">\n\t\t\t\t\t\t\t<div class=\"elementor-row\">\n\t\t\t\t\t<div class=\"elementor-column elementor-col-100 elementor-top-column elementor-element elementor-element-9ac83f1\" data-id=\"9ac83f1\" data-element_type=\"column\">\n\t\t\t<div class=\"elementor-column-wrap elementor-element-populated\">\n\t\t\t\t\t\t\t<div class=\"elementor-widget-wrap\">\n\t\t\t\t\t\t<div class=\"elementor-element elementor-element-a0531c4 elementor-widget elementor-widget-eael-adv-tabs\" data-id=\"a0531c4\" data-element_type=\"widget\" data-widget_type=\"eael-adv-tabs.default\">\n\t\t\t\t<div class=\"elementor-widget-container\">\n\t\t\t        <div id=\"eael-advance-tabs-a0531c4\" class=\"eael-advance-tabs eael-tabs-horizontal\" data-tabid=\"a0531c4\">\n            <div class=\"eael-tabs-nav\">\n                <ul class=\"\">\n                                            <li id=\"ms-informaci\" class=\"inactive\">\n                            \n                            \n                            \n                                                            <span class=\"eael-tab-title title-after-icon\">M\u00e9s Informaci\u00f3<\/span>\n                                                    <\/li>\n                                            <li id=\"precaucions-ds-i-consells\" class=\"inactive\">\n                            \n                            \n                            \n                                                            <span class=\"eael-tab-title title-after-icon\">Precaucions d'\u00fas i consells<\/span>\n                                                    <\/li>\n                                            <li id=\"composici\" class=\"inactive\">\n                            \n                            \n                            \n                                                            <span class=\"eael-tab-title title-after-icon\">Composici\u00f3<\/span>\n                                                    <\/li>\n                                            <li id=\"ingredients-inci\" class=\"inactive\">\n                            \n                            \n                            \n                                                            <span class=\"eael-tab-title title-after-icon\">Ingredients INCI<\/span>\n                                                    <\/li>\n                                    <\/ul>\n            <\/div>\n            <div class=\"eael-tabs-content\">\n\t\t        \n                    <div id=\"ms-informaci-tab\" class=\"clearfix eael-tab-content-item inactive\" data-title-link=\"ms-informaci\">\n\t\t\t\t        \t\t\t\t\t        <p>Sab\u00f3 de 75 grams.<br \/>Totalment fet a m\u00e0, amb saponificaci\u00f3 en fred.<br \/>Certificaci\u00f3 NATURAL emesa per ACENE.<br \/>100 % natural i veg\u00e0.<br \/>Sense frag\u00e0ncia.<br \/>Hipoalerg\u00e8nic.<br \/>Sense parabens i EDTA, sense colorants artificials, sense conservants, sense agent escumant, sense perfum sint\u00e8tic, sense sulfats i sense oli de palma.<\/p>\t\t\t\t                            <\/div>\n\t\t        \n                    <div id=\"precaucions-ds-i-consells-tab\" class=\"clearfix eael-tab-content-item inactive\" data-title-link=\"precaucions-ds-i-consells\">\n\t\t\t\t        \t\t\t\t\t        <p>Renteu-vos les mans amb el sab\u00f3 Es Saboner fregant-les de 40 a 60 segons.<br \/>Despr\u00e9s de fer-lo servir, deixeu el sab\u00f3 recolzat sobre un costat perqu\u00e8 s\u2019assequi millor.<br \/>Conserveu-lo en un lloc sec i fresc.<\/p>\t\t\t\t                            <\/div>\n\t\t        \n                    <div id=\"composici-tab\" class=\"clearfix eael-tab-content-item inactive\" data-title-link=\"composici\">\n\t\t\t\t        \t\t\t\t\t        <p>Oli d\u2019oliva saponificat, oli de coco saponificat, aigua, glicerina, argila blanca, argila verda, oli d\u2019oliva verge, oli de coco ecol\u00f2gic.<\/p>\t\t\t\t                            <\/div>\n\t\t        \n                    <div id=\"ingredients-inci-tab\" class=\"clearfix eael-tab-content-item inactive\" data-title-link=\"ingredients-inci\">\n\t\t\t\t        \t\t\t\t\t        <p>Sodium Olivate, Sodium Cocoate, Aqua, Glycerin, Kaolin, Montmorillonite, Olea Europaea Fruit Oil, Cocos Nucifera Oil.<\/p>\t\t\t\t                            <\/div>\n\t\t                    <\/div>\n        <\/div>\n\t\t<\/div>\n\t\t\t\t<\/div>\n\t\t\t\t\t\t<\/div>\n\t\t\t\t\t<\/div>\n\t\t<\/div>\n\t\t\t\t\t\t\t\t<\/div>\n\t\t\t\t\t<\/div>\n\t\t<\/section>\n\t\t\t\t\t\t<\/div>\n\t\t\t\t\t\t<\/div>\n\t\t\t\t\t<\/div>\n\t\t","protected":false},"excerpt":{"rendered":"<p>Sab\u00f3 natural i artesanal fabricat a S\u00f3ller (Mallorca \u2013 Espanya).<br \/>\nSab\u00f3 surgras molt suau amb oli d\u2019oliva verge produ\u00eft a S\u00f3ller.<br \/>\nPer a les mans.<\/p>\n<p><strong>Pes: 75 grams (aprox.)<\/strong><\/p>\n","protected":false},"featured_media":11268,"template":"","meta":[],"product_cat":[87],"product_tag":[],"yoast_head":"<!-- This site is optimized with the Yoast SEO plugin v17.4 - https:\/\/yoast.com\/wordpress\/plugins\/seo\/ -->\n<title>Sab\u00f3 100 % natural de mans fet a Mallorca - Es Saboner<\/title>\n<meta name=\"description\" content=\"Sab\u00f3 natural y artesanal d&#039;oli d&#039;oliva verge de Mallorca fet a Mallorca. Jab\u00f3n de manos natural con aceite de oliva de S\u00f3ller y hecho en Mallorca\" \/>\n<meta name=\"robots\" content=\"index, follow, max-snippet:-1, max-image-preview:large, max-video-preview:-1\" \/>\n<link rel=\"canonical\" href=\"https:\/\/essaboner.com\/ca\/producte\/sabo-100-natural-de-mans-fet-a-mallorca\/\" \/>\n<meta property=\"og:locale\" content=\"ca_ES\" \/>\n<meta property=\"og:type\" content=\"article\" \/>\n<meta property=\"og:title\" content=\"Sab\u00f3 100 % natural de mans fet a Mallorca - Es Saboner\" \/>\n<meta property=\"og:description\" content=\"Sab\u00f3 natural y artesanal d&#039;oli d&#039;oliva verge de Mallorca fet a Mallorca. Jab\u00f3n de manos natural con aceite de oliva de S\u00f3ller y hecho en Mallorca\" \/>\n<meta property=\"og:url\" content=\"https:\/\/essaboner.com\/ca\/producte\/sabo-100-natural-de-mans-fet-a-mallorca\/\" \/>\n<meta property=\"og:site_name\" content=\"Es Saboner\" \/>\n<meta property=\"article:modified_time\" content=\"2021-11-05T13:21:06+00:00\" \/>\n<meta property=\"og:image\" content=\"https:\/\/essaboner.com\/wp-content\/uploads\/2021\/02\/es-saboner-03.jpg\" \/>\n\t<meta property=\"og:image:width\" content=\"1400\" \/>\n\t<meta property=\"og:image:height\" content=\"1400\" \/>\n<meta name=\"twitter:card\" content=\"summary_large_image\" \/>\n<meta name=\"twitter:label1\" content=\"Temps estimat de lectura\" \/>\n\t<meta name=\"twitter:data1\" content=\"1 minut\" \/>\n<script type=\"application\/ld+json\" class=\"yoast-schema-graph\">{\"@context\":\"https:\/\/schema.org\",\"@graph\":[{\"@type\":\"WebSite\",\"@id\":\"https:\/\/essaboner.com\/#website\",\"url\":\"https:\/\/essaboner.com\/\",\"name\":\"Es Saboner\",\"description\":\"Productos de limpieza naturales\",\"potentialAction\":[{\"@type\":\"SearchAction\",\"target\":{\"@type\":\"EntryPoint\",\"urlTemplate\":\"https:\/\/essaboner.com\/?s={search_term_string}\"},\"query-input\":\"required name=search_term_string\"}],\"inLanguage\":\"ca\"},{\"@type\":\"ImageObject\",\"@id\":\"https:\/\/essaboner.com\/ca\/producte\/sabo-100-natural-de-mans-fet-a-mallorca\/#primaryimage\",\"inLanguage\":\"ca\",\"url\":\"https:\/\/essaboner.com\/wp-content\/uploads\/2021\/02\/es-saboner-03.jpg\",\"contentUrl\":\"https:\/\/essaboner.com\/wp-content\/uploads\/2021\/02\/es-saboner-03.jpg\",\"width\":1400,\"height\":1400,\"caption\":\"Pastilla de jab\\u00f3n de manos natural de Mallorca y envoltorio de papel\"},{\"@type\":\"WebPage\",\"@id\":\"https:\/\/essaboner.com\/ca\/producte\/sabo-100-natural-de-mans-fet-a-mallorca\/#webpage\",\"url\":\"https:\/\/essaboner.com\/ca\/producte\/sabo-100-natural-de-mans-fet-a-mallorca\/\",\"name\":\"Sab\\u00f3 100 % natural de mans fet a Mallorca - Es Saboner\",\"isPartOf\":{\"@id\":\"https:\/\/essaboner.com\/#website\"},\"primaryImageOfPage\":{\"@id\":\"https:\/\/essaboner.com\/ca\/producte\/sabo-100-natural-de-mans-fet-a-mallorca\/#primaryimage\"},\"datePublished\":\"2021-02-03T10:40:42+00:00\",\"dateModified\":\"2021-11-05T13:21:06+00:00\",\"description\":\"Sab\\u00f3 natural y artesanal d'oli d'oliva verge de Mallorca fet a Mallorca. Jab\\u00f3n de manos natural con aceite de oliva de S\\u00f3ller y hecho en Mallorca\",\"breadcrumb\":{\"@id\":\"https:\/\/essaboner.com\/ca\/producte\/sabo-100-natural-de-mans-fet-a-mallorca\/#breadcrumb\"},\"inLanguage\":\"ca\",\"potentialAction\":[{\"@type\":\"ReadAction\",\"target\":[\"https:\/\/essaboner.com\/ca\/producte\/sabo-100-natural-de-mans-fet-a-mallorca\/\"]}]},{\"@type\":\"BreadcrumbList\",\"@id\":\"https:\/\/essaboner.com\/ca\/producte\/sabo-100-natural-de-mans-fet-a-mallorca\/#breadcrumb\",\"itemListElement\":[{\"@type\":\"ListItem\",\"position\":1,\"name\":\"Portada\",\"item\":\"https:\/\/essaboner.com\/ca\/\"},{\"@type\":\"ListItem\",\"position\":2,\"name\":\"Tenda\",\"item\":\"https:\/\/essaboner.com\/ca\/tenda-online\/\"},{\"@type\":\"ListItem\",\"position\":3,\"name\":\"Sab\\u00f3 100 % natural de mans fet a Mallorca\"}]}]}<\/script>\n<!-- \/ Yoast SEO plugin. -->","yoast_head_json":{"title":"Sab\u00f3 100 % natural de mans fet a Mallorca - Es Saboner","description":"Sab\u00f3 natural y artesanal d'oli d'oliva verge de Mallorca fet a Mallorca. Jab\u00f3n de manos natural con aceite de oliva de S\u00f3ller y hecho en Mallorca","robots":{"index":"index","follow":"follow","max-snippet":"max-snippet:-1","max-image-preview":"max-image-preview:large","max-video-preview":"max-video-preview:-1"},"canonical":"https:\/\/essaboner.com\/ca\/producte\/sabo-100-natural-de-mans-fet-a-mallorca\/","og_locale":"ca_ES","og_type":"article","og_title":"Sab\u00f3 100 % natural de mans fet a Mallorca - Es Saboner","og_description":"Sab\u00f3 natural y artesanal d'oli d'oliva verge de Mallorca fet a Mallorca. Jab\u00f3n de manos natural con aceite de oliva de S\u00f3ller y hecho en Mallorca","og_url":"https:\/\/essaboner.com\/ca\/producte\/sabo-100-natural-de-mans-fet-a-mallorca\/","og_site_name":"Es Saboner","article_modified_time":"2021-11-05T13:21:06+00:00","og_image":[{"width":1400,"height":1400,"url":"https:\/\/essaboner.com\/wp-content\/uploads\/2021\/02\/es-saboner-03.jpg","type":"image\/jpeg"}],"twitter_card":"summary_large_image","twitter_misc":{"Temps estimat de lectura":"1 minut"},"schema":{"@context":"https:\/\/schema.org","@graph":[{"@type":"WebSite","@id":"https:\/\/essaboner.com\/#website","url":"https:\/\/essaboner.com\/","name":"Es Saboner","description":"Productos de limpieza naturales","potentialAction":[{"@type":"SearchAction","target":{"@type":"EntryPoint","urlTemplate":"https:\/\/essaboner.com\/?s={search_term_string}"},"query-input":"required name=search_term_string"}],"inLanguage":"ca"},{"@type":"ImageObject","@id":"https:\/\/essaboner.com\/ca\/producte\/sabo-100-natural-de-mans-fet-a-mallorca\/#primaryimage","inLanguage":"ca","url":"https:\/\/essaboner.com\/wp-content\/uploads\/2021\/02\/es-saboner-03.jpg","contentUrl":"https:\/\/essaboner.com\/wp-content\/uploads\/2021\/02\/es-saboner-03.jpg","width":1400,"height":1400,"caption":"Pastilla de jab\u00f3n de manos natural de Mallorca y envoltorio de papel"},{"@type":"WebPage","@id":"https:\/\/essaboner.com\/ca\/producte\/sabo-100-natural-de-mans-fet-a-mallorca\/#webpage","url":"https:\/\/essaboner.com\/ca\/producte\/sabo-100-natural-de-mans-fet-a-mallorca\/","name":"Sab\u00f3 100 % natural de mans fet a Mallorca - Es Saboner","isPartOf":{"@id":"https:\/\/essaboner.com\/#website"},"primaryImageOfPage":{"@id":"https:\/\/essaboner.com\/ca\/producte\/sabo-100-natural-de-mans-fet-a-mallorca\/#primaryimage"},"datePublished":"2021-02-03T10:40:42+00:00","dateModified":"2021-11-05T13:21:06+00:00","description":"Sab\u00f3 natural y artesanal d'oli d'oliva verge de Mallorca fet a Mallorca. Jab\u00f3n de manos natural con aceite de oliva de S\u00f3ller y hecho en Mallorca","breadcrumb":{"@id":"https:\/\/essaboner.com\/ca\/producte\/sabo-100-natural-de-mans-fet-a-mallorca\/#breadcrumb"},"inLanguage":"ca","potentialAction":[{"@type":"ReadAction","target":["https:\/\/essaboner.com\/ca\/producte\/sabo-100-natural-de-mans-fet-a-mallorca\/"]}]},{"@type":"BreadcrumbList","@id":"https:\/\/essaboner.com\/ca\/producte\/sabo-100-natural-de-mans-fet-a-mallorca\/#breadcrumb","itemListElement":[{"@type":"ListItem","position":1,"name":"Portada","item":"https:\/\/essaboner.com\/ca\/"},{"@type":"ListItem","position":2,"name":"Tenda","item":"https:\/\/essaboner.com\/ca\/tenda-online\/"},{"@type":"ListItem","position":3,"name":"Sab\u00f3 100 % natural de mans fet a Mallorca"}]}]}},"_links":{"self":[{"href":"https:\/\/essaboner.com\/ca\/wp-json\/wp\/v2\/product\/11266"}],"collection":[{"href":"https:\/\/essaboner.com\/ca\/wp-json\/wp\/v2\/product"}],"about":[{"href":"https:\/\/essaboner.com\/ca\/wp-json\/wp\/v2\/types\/product"}],"version-history":[{"count":8,"href":"https:\/\/essaboner.com\/ca\/wp-json\/wp\/v2\/product\/11266\/revisions"}],"predecessor-version":[{"id":11384,"href":"https:\/\/essaboner.com\/ca\/wp-json\/wp\/v2\/product\/11266\/revisions\/11384"}],"wp:featuredmedia":[{"embeddable":true,"href":"https:\/\/essaboner.com\/ca\/wp-json\/wp\/v2\/media\/11268"}],"wp:attachment":[{"href":"https:\/\/essaboner.com\/ca\/wp-json\/wp\/v2\/media?parent=11266"}],"wp:term":[{"taxonomy":"product_cat","embeddable":true,"href":"https:\/\/essaboner.com\/ca\/wp-json\/wp\/v2\/product_cat?post=11266"},{"taxonomy":"product_tag","embeddable":true,"href":"https:\/\/essaboner.com\/ca\/wp-json\/wp\/v2\/product_tag?post=11266"}],"curies":[{"name":"wp","href":"https:\/\/api.w.org\/{rel}","templated":true}]}}